{"id":976,"date":"2021-03-20T19:01:15","date_gmt":"2021-03-20T22:01:15","guid":{"rendered":"http:\/\/pimenta.mg.gov.br\/prefeitura\/?page_id=976"},"modified":"2024-03-14T09:17:54","modified_gmt":"2024-03-14T12:17:54","slug":"telefones-publicos","status":"publish","type":"page","link":"http:\/\/pimenta.mg.gov.br\/prefeitura\/telefones-publicos\/","title":{"rendered":"Telefones"},"content":{"rendered":"\n<p><\/p>\n\n\n\n<p><\/p>\n\n\n\n<h2 class=\"wp-block-heading\"><mark style=\"background-color:rgba(0, 0, 0, 0)\" class=\"has-inline-color has-luminous-vivid-amber-color\">A<\/mark><\/h2>\n\n\n\n<p><strong>ACADEMIA SA\u00daDE:<\/strong>\u00a0(37)\u00a03412 1231<\/p>\n\n\n\n<h2 class=\"wp-block-heading\"><mark style=\"background-color:rgba(0, 0, 0, 0)\" class=\"has-inline-color has-luminous-vivid-amber-color\">C<\/mark><\/h2>\n\n\n\n<p><strong>CAPS:&nbsp;<\/strong>(37)&nbsp;3412 1428<\/p>\n\n\n\n<p><strong>CEMEI MARIA APARECIDA MIRANDA E SILVA (JK):&nbsp;<\/strong>(37) 3412 1584<\/p>\n\n\n\n<p><strong>CEMEI ZULMIRA SANTOS VILELA (SANTA RITA):<\/strong>&nbsp;(37) 3412 0396 (n\u00e3o est\u00e1 em funcionamento)<\/p>\n\n\n\n<p><strong>CENTRO DE CONVIV\u00caNCIA :<\/strong>\u00a0(37) 3412 1585<\/p>\n\n\n\n<p><strong>CENTRO DE SA\u00daDE<\/strong>: (37) 3412 2819<\/p>\n\n\n\n<p><strong>CONSELHO TUTELAR:&nbsp;<\/strong>(37) 3412 1982<\/p>\n\n\n\n<p><strong>CONSELHO TUTELAR (celular):<\/strong>&nbsp;(37) 99917 7270<\/p>\n\n\n\n<p><strong>CRAS:&nbsp;<\/strong>(37)&nbsp;3412 1427<\/p>\n\n\n\n<p><strong>CRAS (chamadas somente pelo whatsapp):<\/strong>\u00a0(37) 3324 1138<\/p>\n\n\n\n<h2 class=\"wp-block-heading\"><mark style=\"background-color:rgba(0, 0, 0, 0)\" class=\"has-inline-color has-luminous-vivid-amber-color\">E<\/mark><\/h2>\n\n\n\n<p><strong>ESCOLA MUNICIPAL PADRE ARISTIDES QUEIROZ:<\/strong>&nbsp;(37)&nbsp;3412 1073<\/p>\n\n\n\n<p><strong>ESCOLA MUNICIPAL SANTA RITA:<\/strong>\u00a0(37) 3412 1794<\/p>\n\n\n\n<h2 class=\"wp-block-heading\"><mark style=\"background-color:rgba(0, 0, 0, 0)\" class=\"has-inline-color has-luminous-vivid-amber-color\">F<\/mark><\/h2>\n\n\n\n<p><strong>FARM\u00c1CIA DE MINAS:\u00a0<\/strong>(37) 3412 2634<\/p>\n\n\n\n<h2 class=\"wp-block-heading\"><strong><mark style=\"background-color:rgba(0, 0, 0, 0)\" class=\"has-inline-color has-luminous-vivid-amber-color\">G<\/mark><\/strong><\/h2>\n\n\n\n<p><strong>GALP\u00c3O CULTURAL:\u00a0<\/strong>(37) 3412 2633<\/p>\n\n\n\n<h2 class=\"wp-block-heading\"><mark style=\"background-color:rgba(0, 0, 0, 0)\" class=\"has-inline-color has-luminous-vivid-amber-color\">P<\/mark><\/h2>\n\n\n\n<p><strong>PRA\u00c7A DE ESPORTES:&nbsp;<\/strong>(37) 3412 1230<\/p>\n\n\n\n<p><strong>PREFEITURA ANTIGA:&nbsp;<\/strong>(37) 3412 2436<\/p>\n\n\n\n<p><strong>PREFEITURA MUNICIPAL:&nbsp;<\/strong>(37) 3412 2820<\/p>\n\n\n\n<p><strong>PREFEITURA\u00a0(celular):<\/strong>\u00a0(37) 99936 6621<\/p>\n\n\n\n<h2 class=\"wp-block-heading\"><mark style=\"background-color:rgba(0, 0, 0, 0)\" class=\"has-inline-color has-luminous-vivid-amber-color\">S<\/mark><\/h2>\n\n\n\n<p><strong>SANTA CASA MUNICIPAL DE SA\u00daDE:\u00a0<\/strong>(37) 3412 2178 e (37) 3412 2435<\/p>\n\n\n\n<p><strong>SECRETARIA DE<\/strong> <strong>EDUCA\u00c7\u00c3O:<\/strong> (37) 3412 2820<\/p>\n\n\n\n<p><strong>SECRETARIA DE SA\u00daDE (RECEP\u00c7\u00c3O):&nbsp;<\/strong>(37) 3412 0912<\/p>\n\n\n\n<p><strong>SECRETARIA DE SA\u00daDE (CELULAR):<\/strong>\u00a0(37) 99906 6010<\/p>\n\n\n\n<p><strong>SETOR DE ENDEMIAS:&nbsp;<\/strong>(37) 3412 2177<\/p>\n\n\n\n<p><strong>SIAT:<\/strong><strong>\u00a0<\/strong>(37) 3412 0456<\/p>\n\n\n\n<h2 class=\"wp-block-heading\"><mark style=\"background-color:rgba(0, 0, 0, 0)\" class=\"has-inline-color has-luminous-vivid-amber-color\">U<\/mark><\/h2>\n\n\n\n<p><strong>UBS EDNA MIRANDA DE DOMINGOS (SANTO ANT\u00d4NIO):&nbsp;<\/strong>(37) 3412 1793<\/p>\n\n\n\n<p><strong>UBS JOS\u00c9 DO SABININHO (JK):&nbsp;<\/strong>(37) 3412 1074<\/p>\n\n\n\n<p><strong>UBS LINDOLIVA ROSA DE JESUS (SANTA RITA):\u00a0<\/strong>(37) 3412 1981<\/p>\n\n\n\n<p><\/p>\n\n\n\n<p><\/p>\n\n\n\n<p><\/p>\n","protected":false},"excerpt":{"rendered":"<p>A ACADEMIA SA\u00daDE:\u00a0(37)\u00a03412 1231 C CAPS:&nbsp;(37)&nbsp;3412 1428 CEMEI MARIA APARECIDA MIRANDA E SILVA (JK):&nbsp;(37) 3412 1584 CEMEI ZULMIRA SANTOS VILELA (SANTA RITA):&nbsp;(37) 3412 0396 (n\u00e3o est\u00e1 em funcionamento) CENTRO DE CONVIV\u00caNCIA :\u00a0(37) 3412 1585 CENTRO DE SA\u00daDE: (37) 3412 2819 CONSELHO TUTELAR:&nbsp;(37) 3412 1982 CONSELHO TUTELAR (celular):&nbsp;(37) 99917 7270 CRAS:&nbsp;(37)&nbsp;3412 1427 CRAS (chamadas somente pelo [&hellip;]<\/p>\n","protected":false},"author":4,"featured_media":0,"parent":0,"menu_order":0,"comment_status":"closed","ping_status":"closed","template":"","meta":{"footnotes":""},"class_list":["post-976","page","type-page","status-publish","hentry","wpbf-post"],"_links":{"self":[{"href":"http:\/\/pimenta.mg.gov.br\/prefeitura\/wp-json\/wp\/v2\/pages\/976","targetHints":{"allow":["GET"]}}],"collection":[{"href":"http:\/\/pimenta.mg.gov.br\/prefeitura\/wp-json\/wp\/v2\/pages"}],"about":[{"href":"http:\/\/pimenta.mg.gov.br\/prefeitura\/wp-json\/wp\/v2\/types\/page"}],"author":[{"embeddable":true,"href":"http:\/\/pimenta.mg.gov.br\/prefeitura\/wp-json\/wp\/v2\/users\/4"}],"replies":[{"embeddable":true,"href":"http:\/\/pimenta.mg.gov.br\/prefeitura\/wp-json\/wp\/v2\/comments?post=976"}],"version-history":[{"count":6,"href":"http:\/\/pimenta.mg.gov.br\/prefeitura\/wp-json\/wp\/v2\/pages\/976\/revisions"}],"predecessor-version":[{"id":11179,"href":"http:\/\/pimenta.mg.gov.br\/prefeitura\/wp-json\/wp\/v2\/pages\/976\/revisions\/11179"}],"wp:attachment":[{"href":"http:\/\/pimenta.mg.gov.br\/prefeitura\/wp-json\/wp\/v2\/media?parent=976"}],"curies":[{"name":"wp","href":"https:\/\/api.w.org\/{rel}","templated":true}]}}