{"id":3121,"date":"2021-07-26T14:06:03","date_gmt":"2021-07-26T17:06:03","guid":{"rendered":"http:\/\/pimenta.mg.gov.br\/prefeitura\/?page_id=3121"},"modified":"2024-03-11T10:29:25","modified_gmt":"2024-03-11T13:29:25","slug":"tesouraria","status":"publish","type":"page","link":"http:\/\/pimenta.mg.gov.br\/prefeitura\/tesouraria\/","title":{"rendered":"Secretaria de Fazenda"},"content":{"rendered":"\n<p><strong>Secret\u00e1rio: <\/strong>Altamiro Alves Filho<br><strong>Email:<\/strong> tesouraria@pimenta.mg.gov.br <br><strong>Telefone:<\/strong> (37) 3412 2820<br><strong>Endere\u00e7o:<\/strong> AV. JK de Oliveira, N\u00ba 396 &#8211; Centro<br><strong>Hor\u00e1rio de Atendimento: <\/strong>08:00 \u00c0s 17:00<\/p>\n\n\n\n<p>S\u00e3o atribui\u00e7\u00f5es da Secretaria de Fazenda (Tesouraria) identificar, viabilizar e coordenar a capta\u00e7\u00e3o de recursos externos necess\u00e1rios ao cumprimento das metas governamentais; participar da elabora\u00e7\u00e3o e implementa\u00e7\u00e3o da pol\u00edtica de desenvolvimento econ\u00f4mico e social do munic\u00edpio; planejar, coordenar, orientar, executar e avaliar as pol\u00edticas financeiras, fiscais e tribut\u00e1rias; planejar, dirigir, executar e exercer o controle da arrecada\u00e7\u00e3o de receitas e da fiscaliza\u00e7\u00e3o das atividades econ\u00f4micas sujeitas \u00e0 tributa\u00e7\u00e3o municipal.<\/p>\n","protected":false},"excerpt":{"rendered":"<p>Secret\u00e1rio: Altamiro Alves FilhoEmail: tesouraria@pimenta.mg.gov.br Telefone: (37) 3412 2820Endere\u00e7o: AV. JK de Oliveira, N\u00ba 396 &#8211; CentroHor\u00e1rio de Atendimento: 08:00 \u00c0s 17:00 S\u00e3o atribui\u00e7\u00f5es da Secretaria de Fazenda (Tesouraria) identificar, viabilizar e coordenar a capta\u00e7\u00e3o de recursos externos necess\u00e1rios ao cumprimento das metas governamentais; participar da elabora\u00e7\u00e3o e implementa\u00e7\u00e3o da pol\u00edtica de desenvolvimento econ\u00f4mico e [&hellip;]<\/p>\n","protected":false},"author":4,"featured_media":0,"parent":0,"menu_order":0,"comment_status":"closed","ping_status":"closed","template":"","meta":{"footnotes":""},"class_list":["post-3121","page","type-page","status-publish","hentry","wpbf-post"],"_links":{"self":[{"href":"http:\/\/pimenta.mg.gov.br\/prefeitura\/wp-json\/wp\/v2\/pages\/3121","targetHints":{"allow":["GET"]}}],"collection":[{"href":"http:\/\/pimenta.mg.gov.br\/prefeitura\/wp-json\/wp\/v2\/pages"}],"about":[{"href":"http:\/\/pimenta.mg.gov.br\/prefeitura\/wp-json\/wp\/v2\/types\/page"}],"author":[{"embeddable":true,"href":"http:\/\/pimenta.mg.gov.br\/prefeitura\/wp-json\/wp\/v2\/users\/4"}],"replies":[{"embeddable":true,"href":"http:\/\/pimenta.mg.gov.br\/prefeitura\/wp-json\/wp\/v2\/comments?post=3121"}],"version-history":[{"count":4,"href":"http:\/\/pimenta.mg.gov.br\/prefeitura\/wp-json\/wp\/v2\/pages\/3121\/revisions"}],"predecessor-version":[{"id":11150,"href":"http:\/\/pimenta.mg.gov.br\/prefeitura\/wp-json\/wp\/v2\/pages\/3121\/revisions\/11150"}],"wp:attachment":[{"href":"http:\/\/pimenta.mg.gov.br\/prefeitura\/wp-json\/wp\/v2\/media?parent=3121"}],"curies":[{"name":"wp","href":"https:\/\/api.w.org\/{rel}","templated":true}]}}