{"id":3093,"date":"2021-07-22T16:59:08","date_gmt":"2021-07-22T19:59:08","guid":{"rendered":"http:\/\/pimenta.mg.gov.br\/prefeitura\/?page_id=3093"},"modified":"2024-03-14T09:37:33","modified_gmt":"2024-03-14T12:37:33","slug":"secretaria-de-educacao","status":"publish","type":"page","link":"http:\/\/pimenta.mg.gov.br\/prefeitura\/secretaria-de-educacao\/","title":{"rendered":"Secretaria de Educa\u00e7\u00e3o"},"content":{"rendered":"\n<p>S\u00e3o atribui\u00e7\u00f5es da Secretaria de Educa\u00e7\u00e3o: planejar, organizar, dirigir e executar as atividades relacionadas com educa\u00e7\u00e3o, no \u00e2mbito do Munic\u00edpio; elaborar o Plano Municipal de Educa\u00e7\u00e3o, tendo em vista o desenvolvimento da rede municipal de ensino, em todos os seus n\u00edveis; propor medidas de valoriza\u00e7\u00e3o e aperfei\u00e7oamento dos profissionais de rede municipal de ensino; atender ao educando, no ensino fundamental, atrav\u00e9s do fornecimento de material did\u00e1tico, transporte e assist\u00eancia \u00e0 sa\u00fade, quando for o caso.<\/p>\n\n\n\n<p><strong>Secret\u00e1ria:<\/strong>\u00a0Maria Gorete Ara\u00fajo Costa<br><strong>Email:<\/strong>\u00a0secretariaeducacao@pimenta.mg.gov.br<br><strong>Telefones:<\/strong>\u00a0(37) 3412 2820<br><strong>Endere\u00e7o:<\/strong>\u00a0Avenida JK de Oliveira, n\u00ba 396 \u2013 Centro<br><strong>Atendimento:\u00a0<\/strong>de segunda \u00e0 sexta das 08:00 \u00e0s 17:00<strong><br>Plataforma da educa\u00e7\u00e3o: <\/strong><a href=\"http:\/\/pimenta.mg.gov.br\/portaldoaluno\/\">http:\/\/pimenta.mg.gov.br\/portaldoaluno\/<\/a><\/p>\n\n\n\n<hr class=\"wp-block-separator has-css-opacity\"\/>\n\n\n\n<h2 class=\"wp-block-heading\"><span style=\"background-color:rgba(0, 0, 0, 0);color:#fb4d42\" class=\"has-inline-color\">Escola Municipal Pe. Aristides Queiroz (JK)<\/span><\/h2>\n\n\n\n<p><strong>Diretora:<\/strong> Maria das Gra\u00e7as Gon\u00e7alves Silva<br><strong>Email: <\/strong>municipalaristidesqueiroz@yahoo.com.br<br><strong>Telefone:<\/strong> (37)\u00a03412 1073<br><strong>Endere\u00e7o: <\/strong>AV. Aristides Garcia Le\u00e3o, N\u00ba 421 &#8211; J.K.<br><strong>Hor\u00e1rio de Atendimento:<\/strong> 07:00 \u00e0s 17:30<\/p>\n\n\n\n<hr class=\"wp-block-separator has-css-opacity\"\/>\n\n\n\n<h2 class=\"wp-block-heading\"><span style=\"background-color:rgba(0, 0, 0, 0);color:#fb4d42\" class=\"has-inline-color\">Escola Municipal Santa Rita<\/span><\/h2>\n\n\n\n<p><strong>Diretora: <\/strong>Viviane Aparecida dos Santos<br><strong>Email: <\/strong>emsantaritapta@hotmail.com<br><strong>Telefone: <\/strong>(37) 3412 1794<br><strong>Endere\u00e7o:<\/strong> Rua: S\u00e3o Gabriel, N\u00ba 137 &#8211; Santo Ant\u00f4nio<br><strong>Hor\u00e1rio de Atendimento: <\/strong>07:00 \u00e0s 17:30<\/p>\n\n\n\n<hr class=\"wp-block-separator has-css-opacity\"\/>\n\n\n\n<h2 class=\"wp-block-heading\"><span style=\"background-color:rgba(0, 0, 0, 0);color:#fb4d42\" class=\"has-inline-color\">Cemei Maria Ap. Miranda e Silva<\/span><\/h2>\n\n\n\n<p><strong>Coordenadora:<\/strong> Adriana Rosa Alves<br><strong>Telefone:<\/strong> (37) 3412 1584<br><strong>Endere\u00e7o: <\/strong>Rua Jo\u00e3o Rodrigues Sobrinho, 150 &#8211; Bairro JK<\/p>\n\n\n\n<hr class=\"wp-block-separator has-css-opacity\"\/>\n\n\n\n<h2 class=\"wp-block-heading\"><span style=\"background-color:rgba(0, 0, 0, 0);color:#fb4d42\" class=\"has-inline-color\">Cemei Zulmira Santos Vilela<\/span><\/h2>\n\n\n\n<p><strong>Coordenadora:<\/strong> <br><strong>Telefone:<\/strong> (37) 3412 0396 (n\u00e3o est\u00e1 em funcionamento)<br><strong>Endere\u00e7o: <\/strong><\/p>\n","protected":false},"excerpt":{"rendered":"<p>S\u00e3o atribui\u00e7\u00f5es da Secretaria de Educa\u00e7\u00e3o: planejar, organizar, dirigir e executar as atividades relacionadas com educa\u00e7\u00e3o, no \u00e2mbito do Munic\u00edpio; elaborar o Plano Municipal de Educa\u00e7\u00e3o, tendo em vista o desenvolvimento da rede municipal de ensino, em todos os seus n\u00edveis; propor medidas de valoriza\u00e7\u00e3o e aperfei\u00e7oamento dos profissionais de rede municipal de ensino; atender [&hellip;]<\/p>\n","protected":false},"author":4,"featured_media":0,"parent":0,"menu_order":0,"comment_status":"closed","ping_status":"closed","template":"","meta":{"footnotes":""},"class_list":["post-3093","page","type-page","status-publish","hentry","wpbf-post"],"_links":{"self":[{"href":"http:\/\/pimenta.mg.gov.br\/prefeitura\/wp-json\/wp\/v2\/pages\/3093","targetHints":{"allow":["GET"]}}],"collection":[{"href":"http:\/\/pimenta.mg.gov.br\/prefeitura\/wp-json\/wp\/v2\/pages"}],"about":[{"href":"http:\/\/pimenta.mg.gov.br\/prefeitura\/wp-json\/wp\/v2\/types\/page"}],"author":[{"embeddable":true,"href":"http:\/\/pimenta.mg.gov.br\/prefeitura\/wp-json\/wp\/v2\/users\/4"}],"replies":[{"embeddable":true,"href":"http:\/\/pimenta.mg.gov.br\/prefeitura\/wp-json\/wp\/v2\/comments?post=3093"}],"version-history":[{"count":14,"href":"http:\/\/pimenta.mg.gov.br\/prefeitura\/wp-json\/wp\/v2\/pages\/3093\/revisions"}],"predecessor-version":[{"id":11190,"href":"http:\/\/pimenta.mg.gov.br\/prefeitura\/wp-json\/wp\/v2\/pages\/3093\/revisions\/11190"}],"wp:attachment":[{"href":"http:\/\/pimenta.mg.gov.br\/prefeitura\/wp-json\/wp\/v2\/media?parent=3093"}],"curies":[{"name":"wp","href":"https:\/\/api.w.org\/{rel}","templated":true}]}}