{"id":2908,"date":"2021-07-22T13:10:33","date_gmt":"2021-07-22T16:10:33","guid":{"rendered":"http:\/\/pimenta.mg.gov.br\/prefeitura\/?page_id=2908"},"modified":"2024-03-14T16:16:40","modified_gmt":"2024-03-14T19:16:40","slug":"urbanismo","status":"publish","type":"page","link":"http:\/\/pimenta.mg.gov.br\/prefeitura\/urbanismo\/","title":{"rendered":"Secretaria de Urbanismo"},"content":{"rendered":"\n<p>S\u00e3o atribui\u00e7\u00f5es da Secretaria de Urbanismo conservar e manter pra\u00e7as, cal\u00e7amentos, estradas e pr\u00e9dios p\u00fablicos em geral; coordenar o desenvolvimento de projetos urbanos interagindo com os \u00f3rg\u00e3os e entidades da Administra\u00e7\u00e3o Direta e Indireta, com outras esferas de governo e com a sociedade civil; dirigir, executar ou promover a execu\u00e7\u00e3o das obras p\u00fablicas e dos servi\u00e7os urbanos, em conson\u00e2ncia com as diretrizes de planejamento municipal; executar servi\u00e7os de conserva\u00e7\u00e3o das vias urbanas e rurais e a constru\u00e7\u00e3o de obras de arte nas vias p\u00fablicas e estradas vicinais, etc.<\/p>\n\n\n\n<p><strong>Secret\u00e1rio:<\/strong> Rafael Silva Alves<br><strong>Telefone:<\/strong> (37) 3412 2820<br><strong>Endere\u00e7o:<\/strong> Avenida JK de Oliveira, n\u00ba 396 \u2013 Centro<br><strong>Atendimento: <\/strong>de segunda \u00e0 sexta das 08:00 \u00e0s 17:00<\/p>\n\n\n\n<p><br><\/p>\n\n\n\n<p><\/p>\n","protected":false},"excerpt":{"rendered":"<p>S\u00e3o atribui\u00e7\u00f5es da Secretaria de Urbanismo conservar e manter pra\u00e7as, cal\u00e7amentos, estradas e pr\u00e9dios p\u00fablicos em geral; coordenar o desenvolvimento de projetos urbanos interagindo com os \u00f3rg\u00e3os e entidades da Administra\u00e7\u00e3o Direta e Indireta, com outras esferas de governo e com a sociedade civil; dirigir, executar ou promover a execu\u00e7\u00e3o das obras p\u00fablicas e dos [&hellip;]<\/p>\n","protected":false},"author":4,"featured_media":0,"parent":0,"menu_order":0,"comment_status":"closed","ping_status":"closed","template":"","meta":{"footnotes":""},"class_list":["post-2908","page","type-page","status-publish","hentry","wpbf-post"],"_links":{"self":[{"href":"http:\/\/pimenta.mg.gov.br\/prefeitura\/wp-json\/wp\/v2\/pages\/2908","targetHints":{"allow":["GET"]}}],"collection":[{"href":"http:\/\/pimenta.mg.gov.br\/prefeitura\/wp-json\/wp\/v2\/pages"}],"about":[{"href":"http:\/\/pimenta.mg.gov.br\/prefeitura\/wp-json\/wp\/v2\/types\/page"}],"author":[{"embeddable":true,"href":"http:\/\/pimenta.mg.gov.br\/prefeitura\/wp-json\/wp\/v2\/users\/4"}],"replies":[{"embeddable":true,"href":"http:\/\/pimenta.mg.gov.br\/prefeitura\/wp-json\/wp\/v2\/comments?post=2908"}],"version-history":[{"count":5,"href":"http:\/\/pimenta.mg.gov.br\/prefeitura\/wp-json\/wp\/v2\/pages\/2908\/revisions"}],"predecessor-version":[{"id":11194,"href":"http:\/\/pimenta.mg.gov.br\/prefeitura\/wp-json\/wp\/v2\/pages\/2908\/revisions\/11194"}],"wp:attachment":[{"href":"http:\/\/pimenta.mg.gov.br\/prefeitura\/wp-json\/wp\/v2\/media?parent=2908"}],"curies":[{"name":"wp","href":"https:\/\/api.w.org\/{rel}","templated":true}]}}