{"id":2828,"date":"2021-07-08T13:31:48","date_gmt":"2021-07-08T16:31:48","guid":{"rendered":"http:\/\/pimenta.mg.gov.br\/prefeitura\/?page_id=2828"},"modified":"2024-03-14T09:45:20","modified_gmt":"2024-03-14T12:45:20","slug":"secretaria-de-obras","status":"publish","type":"page","link":"http:\/\/pimenta.mg.gov.br\/prefeitura\/secretaria-de-obras\/","title":{"rendered":"Secretaria de Obras, Servi\u00e7os e Transportes"},"content":{"rendered":"\n<p>S\u00e3o atribui\u00e7\u00f5es da&nbsp;Secretaria de Obras, Servi\u00e7os e Transportes definir as pol\u00edticas municipais de planejamento e desenvolvimento de servi\u00e7os urbano, de obras p\u00fablicas, saneamento b\u00e1sico e transportes, planejar, coordenar, controlar, fiscalizar e executar as atividades relacionadas com a presta\u00e7\u00e3o de servi\u00e7os p\u00fablicos, de execu\u00e7\u00e3o de obras p\u00fablicas; planejar, executar e administrar os servi\u00e7os de redes pluviais, cal\u00e7amentos, pavimenta\u00e7\u00e3o, encascalhamento, e demais atividades relacionadas com a conserva\u00e7\u00e3o das vias publicas. etc.<\/p>\n\n\n\n<p><strong>Secret\u00e1rio:<\/strong>\u00a0Judas Tadeu Pinto<br><strong>Email:<\/strong>\u00a0obras@pimenta.mg.gov.br<br><strong>Telefones:<\/strong>\u00a0(37) 3412 2436<br><strong>Endere\u00e7o:<\/strong>\u00a0Avenida JK de Oliveira, n\u00ba  \u2013 Centro<br><strong>Atendimento:<\/strong>\u00a0de segunda \u00e0 sexta das 08:00 \u00e0s 17:00<\/p>\n\n\n\n<p><\/p>\n","protected":false},"excerpt":{"rendered":"<p>S\u00e3o atribui\u00e7\u00f5es da&nbsp;Secretaria de Obras, Servi\u00e7os e Transportes definir as pol\u00edticas municipais de planejamento e desenvolvimento de servi\u00e7os urbano, de obras p\u00fablicas, saneamento b\u00e1sico e transportes, planejar, coordenar, controlar, fiscalizar e executar as atividades relacionadas com a presta\u00e7\u00e3o de servi\u00e7os p\u00fablicos, de execu\u00e7\u00e3o de obras p\u00fablicas; planejar, executar e administrar os servi\u00e7os de redes pluviais, [&hellip;]<\/p>\n","protected":false},"author":4,"featured_media":0,"parent":0,"menu_order":0,"comment_status":"closed","ping_status":"closed","template":"","meta":{"footnotes":""},"class_list":["post-2828","page","type-page","status-publish","hentry","wpbf-post"],"_links":{"self":[{"href":"http:\/\/pimenta.mg.gov.br\/prefeitura\/wp-json\/wp\/v2\/pages\/2828","targetHints":{"allow":["GET"]}}],"collection":[{"href":"http:\/\/pimenta.mg.gov.br\/prefeitura\/wp-json\/wp\/v2\/pages"}],"about":[{"href":"http:\/\/pimenta.mg.gov.br\/prefeitura\/wp-json\/wp\/v2\/types\/page"}],"author":[{"embeddable":true,"href":"http:\/\/pimenta.mg.gov.br\/prefeitura\/wp-json\/wp\/v2\/users\/4"}],"replies":[{"embeddable":true,"href":"http:\/\/pimenta.mg.gov.br\/prefeitura\/wp-json\/wp\/v2\/comments?post=2828"}],"version-history":[{"count":4,"href":"http:\/\/pimenta.mg.gov.br\/prefeitura\/wp-json\/wp\/v2\/pages\/2828\/revisions"}],"predecessor-version":[{"id":11193,"href":"http:\/\/pimenta.mg.gov.br\/prefeitura\/wp-json\/wp\/v2\/pages\/2828\/revisions\/11193"}],"wp:attachment":[{"href":"http:\/\/pimenta.mg.gov.br\/prefeitura\/wp-json\/wp\/v2\/media?parent=2828"}],"curies":[{"name":"wp","href":"https:\/\/api.w.org\/{rel}","templated":true}]}}