{"id":24,"date":"2020-06-30T15:51:28","date_gmt":"2020-06-30T18:51:28","guid":{"rendered":"http:\/\/pimenta.mg.gov.br\/prefeitura\/?page_id=24"},"modified":"2022-07-14T15:18:11","modified_gmt":"2022-07-14T18:18:11","slug":"publicacoes","status":"publish","type":"page","link":"http:\/\/pimenta.mg.gov.br\/prefeitura\/publicacoes\/","title":{"rendered":"Publica\u00e7\u00f5es"},"content":{"rendered":"\n<h3 class=\"wp-block-heading\">Publica\u00e7\u00f5es gerais do Munic\u00edpio<\/h3>\n\n\n\n<p>MUNIC\u00cdPIO DE PIMENTA\/MG. Chamada P\u00fablica n\u00ba 001\/2022. Credenciamento at\u00e9 dia 16\/08\/2022 \u00e0s 08h30. Objeto: Chamada P\u00fablica para Aquisi\u00e7\u00e3o de G\u00eaneros Aliment\u00edcios em atendimento ao Programa do FNDE\/PNAE para Aquisi\u00e7\u00e3o de Produtos da Agricultura Familiar. O Edital poder\u00e1 ser solicitado pelo email: licitapta2@gmail.com, site oficial www.pimenta.mg.gov.br\/portalprefeitura\/ ou retirado na sede do Munic\u00edpio de Pimenta\/MG. Informa\u00e7\u00f5es pelo telefone (37) 3324-1057.<\/p>\n\n\n\n<div class=\"wp-block-embedpress-document embedpress-document-embed ep-doc-embedpress-pdf-1657822434159\" style=\"height:600px;width:1000px\"><div style=\"height:600px;width:1000px\" class=\"embedpress-embed-document-pdf embedpress-pdf-1657822434159\" data-emid=\"embedpress-pdf-1657822434159\" data-emsrc=\"http:\/\/pimenta.mg.gov.br\/prefeitura\/wp-content\/uploads\/2022\/07\/Edital-Chamada-Publica-001-2022.pdf\"><\/div><\/div>\n\n\n\n<center><figure>\n<figure><img decoding=\"async\" src=\"http:\/\/pimenta.mg.gov.br\/prefeitura\/wp-content\/uploads\/2020\/06\/publicacoes-1024x274.png\" alt=\"\" data-id=\"25\" data-full-url=\"http:\/\/pimenta.mg.gov.br\/prefeitura\/wp-content\/uploads\/2020\/06\/publicacoes.png\" data-link=\"http:\/\/pimenta.mg.gov.br\/prefeitura\/?attachment_id=25\"><\/figure>\n<\/figure><\/center>\n\n\n\n<p class=\"has-text-align-center\"><strong>EXTRATO DO EDITAL<\/strong><\/p>\n\n\n\n<p>SANTA CASA MUNICIPAL DE SA\u00daDE DE PIMENTA\/MG. Processo Seletivo Simplificado n\u00ba 001\/2021. Per\u00edodo de Inscri\u00e7\u00e3o 29\/03\/2021 a 01\/04\/2021. Objeto:\u00a0Contrata\u00e7\u00e3o de Profissional Enfermeiro (a) Assistencial e T\u00e9cnico em Enfermagem para atendimento a demanda da Santa Casa Municipal de Sa\u00fade de Pimenta &#8211; MG. O\u00a0Edital poder\u00e1 ser solicitado pelo email:\u00a0licitasantacasa@gmail.com\u00a0ou retirado na sede da Santa Casa. Informa\u00e7\u00f5es pelo telefax (37) 3324-1975.\u00a0Pimenta\/MG, 26 de mar\u00e7o de 2021.<\/p>\n\n\n\n<!--nextpage-->\n\n\n\n<center><p class=\"has-text-align-center\"><strong><u>EXTRATO DE PUBLICA\u00c7\u00c3O DE CONTRATO<\/u><\/strong><\/p><\/center>\n\n\n\n<p>MUNIC\u00cdPIO DE PIMENTA &#8211; Extrato de Contrato Administrativo n\u00ba 065\/2020. OBJETO:Aquisi\u00e7\u00e3o de uma Ambul\u00e2ncia de suporte avan\u00e7ado UTI &#8211; Tipo D, para suprir as necessidades dos usu\u00e1rios da rede Municipal, em Atendimento a Emenda Parlamentar n\u00ba 27560011 &#8211; Minist\u00e9rio da Economia\/Transfer\u00eancia Especial e recursos pr\u00f3prios do munic\u00edpio, conforme Portaria Interministerial N\u00ba 252, de 19 de Junho de 2020, para atender a demanda da Secretaria Municipal de Sa\u00fade de Pimenta-MG,&nbsp; nos termos do Procedimento Licitat\u00f3rio N\u00ba 050\/2020, Modalidade de Dispensa&nbsp; n\u00ba 001\/2020, com fulcro no regime&nbsp; excepcional de contrata\u00e7\u00f5es publicas previsto na Lei n\u00ba 13.979\/20 para enfrentamento da situa\u00e7\u00e3o de calamidade p\u00fablica causada pela pandemia do COVID 19 e&nbsp; Medida Provis\u00f3ria n\u00ba 926, de 20 de Mar\u00e7o de 2020. CONTRATADA: BEM ESTAR LOCA\u00c7\u00c3O DE EQUIPAMENTOS M\u00c9DICOS E MATERIAIS PARA SA\u00daDE<strong> EIRELLI-ME, <\/strong>CNPJ&nbsp; n\u00ba 08.299.803\/0001-09, sediada na Rua Manuel Correia, n\u00ba 906 \u2013 Vila Palmeiras- S\u00e3o Paulo \u2013 SP<strong>. VALOR: R$263.300,00.<\/strong> Vig\u00eancia: 27\/07\/2020 \u00e0 27\/10\/2020. Dota\u00e7\u00e3o: Ficha 478 \u2013 02.06.02.10.302.0009.2076.4.4.90.5200 &#8211; Fonte de Recursos 1.02.00 &#8211; Recurso Pr\u00f3prio\/ Ficha 550 \u2013 02.06.01.10.302.0008.2076.4.4.90.52.00 \u2013 Fonte de Recursos 1.23.00 &#8211; Transfer\u00eancia Conv\u00eanio vinculados a sa\u00fade. <strong>Pimenta\/MG 27 de Julho de 2020. Allysson Jos\u00e9 Ribas de Oliveira. Presidente da Comiss\u00e3o Permanente de Licita\u00e7\u00e3o.<\/strong><\/p>\n\n\n\n<p>EXTRATO DO TERMO DE RATIFICA\u00c7\u00c3O DE DISPENSA DE LICITA\u00c7\u00c3O. Processo Licitat\u00f3rio N\u00ba 050\/2020.&nbsp; Modalidade Dispensa de Licita\u00e7\u00e3o N\u00ba 001\/2020. Objeto: Aquisi\u00e7\u00e3o de uma Ambul\u00e2ncia de suporte avan\u00e7ado UTI &#8211; Tipo D, para suprir as necessidades dos usu\u00e1rios da rede Municipal, em Atendimento a Emenda Parlamentar n\u00ba 27560011 &#8211; Minist\u00e9rio da Economia\/Transfer\u00eancia Especial e recursos pr\u00f3prios do munic\u00edpio, conforme Portaria Interministerial N\u00ba 252, de 19 de Junho de 2020,&nbsp; para atender a demanda da Secretaria Municipal de Sa\u00fade. CONTRATADA: BEM ESTAR LOCA\u00c7\u00c3O DE EQUIPAMENTOS M\u00c9DICOS E MATERIAIS PARA SA\u00daDE<strong> EIRELLI-ME<\/strong>, inscrita no CNPJ sob o n\u00ba 08.299.803\/0001-09, sediada na Rua Manuel Correia, n\u00ba 906 \u2013 Vila Palmeiras, na cidade de S\u00e3o Paulo \u2013 SP. Valor total R$ 263.300,00 (Duzentos e Sessenta e tr\u00eas mil e trezentos&nbsp; reais); Fundamento: Art.4\u00ba, inciso III da Lei 13.979, de 2020 e Decretos Municipais n\u00fameros 2.389\/2020, 2.390\/2020, 2.405\/2020, 2.411\/2020, 2.412\/2020, 2.413\/2020, 2.424\/2020 e 2.459\/2020 a a Dispensa de Licita\u00e7\u00e3o n\u00ba 001\/2020, em conformidade com o Termo de Refer\u00eancia e Justificativa. Pimenta\/MG, 27 de Julho de 2020.<\/p>\n\n\n\n<p class=\"has-text-align-center\"><p><strong>EXTRATO DE CONTRATOS ADMINISTRATIVOS<\/strong><\/p><\/p>\n\n\n\n<p><strong>OBJETO:<\/strong> Presta\u00e7\u00e3o de Servi\u00e7os Ambientais \u2013 Projeto O\u00e1sis \u2013 Nascentes de Pimenta, estrada rural de Pimenta, Zona Rural, neste munic\u00edpio de Pimenta\/MG, nos termos dos Procedimentos Licitat\u00f3rios: Processo de Chamada P\u00fablica n\u00ba 002\/2017, Inexigibilidade n\u00ba 007\/2020, Processo Licitat\u00f3rio 049\/2020.<strong>CONTRATADA: GEOVANIO GUALBERTO MACEDO e&nbsp; ROSALINA TOME GUALBERTO MACEDO,<\/strong> <strong>SABINO ANTONIO MACEDO e &nbsp;CRISTIANE COSTA OLIVEIRA MACEDO,&nbsp; CONTRATO ADMINISTRATIVO N\u00ba 55\/2020, VALOR: R$19.832,10, <\/strong>Propriedade 6\u00b0 &#8211; Fazenda Serra da Grama\/ PSA &#8211; PIP 015 \u2013 Matricula 41.592 do CRI,<strong>&nbsp; CONTRATO ADMINISTRATIVO N\u00ba \u00ba 056\/2020, VALOR: R$ 5.804,45, <\/strong>Propriedade 7\u00b0 &#8211; Fazenda da Grama&nbsp; PSA \u2013 PIP 011 \u2013 Matricula 18.340 do CRI<strong>. CONTRATO ADMINISTRATIVO N\u00ba 57\/2020,<\/strong> <strong>VALOR: R$ 45.490,45, <\/strong>Propriedade 8\u00b0 &#8211; Fazenda Serra da Grama\/ PSA \u2013 PIP 013 \u2013 Matr\u00edcula 41.589 do CRI. <a><strong>CONTRATO ADMINISTRATIVO N\u00ba 058\/2020<\/strong><\/a><strong>, VALOR: R$ 30.058,00, <\/strong>Propriedade 9\u00b0 &#8211; Fazenda Serra ou Grama, lugar Cap\u00e3o do Eixo\/PSA, Matr\u00edcula de registro n\u00b0. 27.998 do CRI. <strong>CONTRATO ADMINISTRATIVO N\u00ba 059\/2020.&nbsp; R$ 33.335,35, <\/strong>Propriedade 10\u00b0 &#8211; Fazenda Cap\u00e3o do Eixo \/PSA \u2013 PIP 018 \u2013 Matr\u00edcula 26.928\/13.329 do CRI<strong>. CONTRATO ADMINISTRATIVO N\u00ba 060\/2020, VALOR: R$ 7.907,40, <\/strong>Propriedade 11\u00b0 &#8211; Fazenda Serra ou Grama\/ PSA \u2013 PIP 017 \u2013 Matr\u00edcula 57.296 do CRI. <strong>CONTRATO ADMINISTRATIVO N\u00ba 062\/2020, &nbsp;<a>VALOR: <\/a>R$4.258,05, <\/strong>Propriedade 13\u00b0 &#8211; Fazenda Serra ou Grama\/ PSA \u2013 PIP 005 \u2013 Matricula 51.181 do CRI. <a><strong>CONTRATO ADMINISTRATIVO N\u00ba 063\/2020<\/strong><\/a><strong>,<\/strong> <strong>VALOR: R$2.179,85, <\/strong>Propriedade 14\u00b0 &#8211; Fazenda&nbsp; Grama\/ PSA \u2013 PIP 012 \u2013 Matricula 31.670 do CRI. <strong>CONTRATO ADMINISTRATIVO N\u00ba 064\/2020<\/strong>, <strong>VALOR: R$ 3.890,85<\/strong>, Propriedade 15\u00b0 &#8211; Fazenda&nbsp; Mata Velha III \/ PSA \u2013 PIP 006 \u2013 Matricula 31.568\/34.037 do CRI. <strong>CONTRATADA<\/strong>: <strong>JOS\u00c9 WALTER SEABRA e MARIANA ALVES FARIA SEABRA, CONTRATO ADMINISTRATIVO N\u00ba 061\/2020, &nbsp;VALOR: R$ 910,10, Propriedade 12\u00ba &#8211; Fazenda Serra ou Grama\/ PSA \u2013 PIP 009 \u2013 Matricula 026.376 do CRI.<\/strong> <strong>Lei 8.666\/93. VIG\u00caNCIA: 23\/07\/2020 \u00e0 23\/07\/2025. Dota\u00e7\u00e3o Or\u00e7ament\u00e1ria: Ficha 400 \u2013 02.05.01.18.541.0010.2058.3.3.90.48.00 &#8211; Recupera\u00e7\u00e3o e Preserva\u00e7\u00e3o de Lagos, Rios e Nascentes \u2013 Outros Aux\u00edlios \u2013 Fonte de Recurso: 1.00.00 \u2013 Recursos Ordin\u00e1rios.<\/strong> <strong>Allysson Jos\u00e9 Ribas de Oliveira. Presidente da C.P.L. Pimenta\/MG, 23 de Julho de 2020.<\/strong><\/p>\n\n\n\n<p><strong>RATIFICA\u00c7\u00c3O: PROCESSO LICITAT\u00d3RIO n\u00ba 049\/2020. MODALIDADE: PROCEDIMENTO DE INEXIGIBILIDADE n\u00ba 007\/2020.<\/strong> Secretaria Municipal de Meio Ambiente e Desenvolvimento Sustent\u00e1vel. <a>Objeto: Credenciamento das propriedades rurais, localizadas na bacia do C\u00f3rrego Pinheiro, visando o pagamento por Servi\u00e7os Ambientais-PSA para conserva\u00e7\u00e3o\/recupera\u00e7\u00e3o de recursos naturais, em especial destaque \u00e0 agua, ao solo e a vegeta\u00e7\u00e3o, nos termos do Projeto \u201cOASIS NASCENTES DE PIMENTA\/MG\u201d.<\/a> Contratados: <strong>GEOVANIO GUALBERTO MACEDO <\/strong>e esposa <strong>ROSALINA TOME GUALBERTO MACEDO e SABINO ANTONIO MACEDO<\/strong> e esposa <strong>CRISTIANE COSTA OLIVEIRA MACEDO, <\/strong>PSA &#8211; PIP 015 \u2013 Matricula 41.592 do CRI<strong>, <\/strong>totalizando a import\u00e2ncia de <strong>R$ 19.832,10;<\/strong> PSA \u2013 PIP 011 \u2013 Matricula 18.340 do CRI, totalizando a import\u00e2ncia de <strong>R$ 5.804,45;<\/strong> PSA \u2013 PIP 013 \u2013 Matricula 41.589 do CRI, totalizando a import\u00e2ncia de <strong>R$45.490,45; <\/strong>PSA \u2013 PIP 014 \u2013 Matricula 27.998 do CRI, totalizando a import\u00e2ncia de <strong>R$ 30.058,00; <\/strong>PSA \u2013 PIP 018 \u2013 Matricula 26.928\/13.329 do CRI, totalizando a import\u00e2ncia de <strong>R$ 33.335,35; <\/strong>PSA \u2013 PIP 017 \u2013 Matricula 57.296 do CRI, totalizando a import\u00e2ncia de <strong>R$ 7.907,40;<\/strong> PSA \u2013 PIP 005 \u2013 Matricula 51.181 do CRI, totalizando a import\u00e2ncia de <strong>R$4.258,05;<\/strong> PSA \u2013 PIP 012 \u2013 Matricula 31.670 do CRI, totalizando a import\u00e2ncia de <strong>R$2.179,85;<\/strong>&nbsp; PSA \u2013 PIP 006 \u2013 Matricula 31.568\/34.037 do CRI; totalizando a import\u00e2ncia de <strong>R$ 3.890,85 <\/strong>e por fim<strong> JOS\u00c9 WALTER SEABRA <\/strong>e esposa <strong>MARIANA ALVES FARIA SEABRA<\/strong>, PSA \u2013 PIP 009 \u2013 Matricula 026.376 do CRI, totalizando a import\u00e2ncia de <strong>R$ 910,10.<\/strong> Embasamento&nbsp; legal art. 25 da Lei Federal n.\u00ba 8.666\/93 c\/c a Lei Municipal 1.634, de 16\/10\/2014 e regulamentada pelo Decreto 1.746, de 27\/07\/2016. Homologa\u00e7\u00e3o\/Adjudica\u00e7\u00e3o: 23\/07\/2020. Ficha Or\u00e7ament\u00e1ria: Ficha 400 \u2013 02.05.01.18.541.0010.2058.3.3.90.48.00. <strong>Pimenta\/MG, 23 de Julho de 2020. Ailton Costa Faria \u2013 Prefeito Municipal.<\/strong><\/p>\n\n\n\n<!--nextpage-->\n\n\n\n<p><strong>EXTRATO DE <a>CONTRATOS ADMINISTRATIVO<\/a>S<\/strong><\/p>\n\n\n\n<p>OBJETO: Presta\u00e7\u00e3o de Servi\u00e7os Ambientais \u2013 Projeto O\u00e1sis \u2013 Nascentes de Pimenta, estrada rural de Pimenta, Zona Rural, neste munic\u00edpio de Pimenta\/MG, nos termos do Procedimentos Licitat\u00f3rios: Processo Chamada P\u00fablica n\u00ba 002\/2016; Inexigibilidade n\u00ba 006\/2020, Processo Licitat\u00f3rio 047\/2020. <strong>CONTRATO ADMINISTRATIVO N\u00ba 050\/2020<\/strong> <strong>CONTRATADA: KEIKO NAKANO PESSOA,<\/strong> VALOR: R$ 24.604,40, <strong>Propriedade 1\u00b0<\/strong> &#8211; Fazenda Serra dos Chaves PAS \u2013 PIP 004 \u2013 Matr\u00edcula 67.905 do CRI. <strong>CONTRATO ADMINISTRATIVO N\u00ba 051\/2020,<\/strong> <strong>CONTRATADA: NEIVO MODESTO DE CASTRO e Z\u00c9LIA MIRANDA E CASTRO<\/strong>, VALOR: R$16.262,35, <strong>Propriedade 2\u00ba<\/strong> &#8211; Fazenda Serra da Grama, conhecida como Fazenda Aguanil, Matr\u00edculas de registro n\u00b0. 30.775 e n\u00b0. 41.591, <strong>CONTRATO ADMINISTRATIVO N\u00ba 052\/2020, CONTRATADA: RONALDO LOUREN\u00c7O DA COSTA e ADRIANA CRISTINA DE FARIA DA COSTA. <\/strong>VALOR: R$2.547,95, <strong>Propriedade 3\u00ba<\/strong> &#8211; &nbsp;Fazenda Serra ou Grama, Matr\u00edcula de registro n\u00b0. 48.792, <strong>CONTRATO ADMINISTRATIVO N\u00ba 053\/2020<\/strong>, <strong>CONTRATADA: RENATO ALVES DE OLIVEIRA e SIMONE APARECIDA DE SOUZA OLIVEIRA,<\/strong> VALOR: R$ 5.441,15, <strong>Propriedade 4\u00b0<\/strong> &#8211; Fazenda Barro Preto- PSA \u2013 PIP 004 \u2013 Matricula 753 do CRI, no endere\u00e7o Rodovia MG-050, sentido Pimenta-Piumhi, margem esquerda. <strong>CONTRATO ADMINISTRATIVO N\u00ba 054\/2020, CONTRATADA: ANTONIO GIL DE MACEDO e CINTYA SOARES DE OLIVEIRA MACEDO, <\/strong>VALOR: R$3.711,55<strong>, &nbsp;Propriedade 5\u00b0 &#8211; Fazenda Mata Velha II, PSA &#8211; PIP 003 &#8211;&nbsp; Matricula 31.541 do CRI. <\/strong>&nbsp;Lei 8.666\/93. VIG\u00caNCIA: 21\/07\/2020 \u00e0 21\/07\/2025. Dota\u00e7\u00e3o Or\u00e7ament\u00e1ria: Ficha 400 \u2013 02.05.01.18.541.0010.2058.3.3.90.48.00 &#8211; Recupera\u00e7\u00e3o e Preserva\u00e7\u00e3o de Lagos, Rios e Nascentes \u2013 Outros Aux\u00edlios \u2013 F. Recurso: 1.00.00 \u2013 Recursos Ordin\u00e1rios. &nbsp;Allysson Jos\u00e9 Ribas de Oliveira. Presidente da C.P.L.. Pimenta\/MG, 21 de Julho de 2020.<\/p>\n\n\n\n<p><strong>RATIFICA\u00c7\u00c3O: PROCESSO LICITAT\u00d3RIO n\u00ba 047\/2020. MODALIDADE: PROCEDIMENTO DE INEXIGIBILIDADE n\u00ba 006\/2020.<\/strong> Secretaria Municipal de Meio Ambiente e Desenvolvimento Sustent\u00e1vel. <a>Objeto: Credenciamento das propriedades rurais, localizadas na bacia do C\u00f3rrego Pinheiro, visando o pagamento por Servi\u00e7os Ambientais-PSA para conserva\u00e7\u00e3o\/recupera\u00e7\u00e3o de recursos naturais, em especial destaque \u00e0 agua, ao solo e a vegeta\u00e7\u00e3o, nos termos do Projeto \u201cOASIS NASCENTES DE PIMENTA\/MG\u201d.<\/a> Contratados: <strong>KEIKO NAKANO PESSOA<\/strong> \/ PAS \u2013 PIP 004 \u2013 Matricula 67.905 do CRI, totalizando a import\u00e2ncia de<strong> R$24.604,40; NEIVO MODESTO DE CASTRO <\/strong>e Esposa <strong>Z\u00c9LIA MIRANDA E CASTRO<\/strong> \/ PSA \u2013 PIP 002 \u2013 Matricula 30.775\/41.591 do CRI, totalizando a import\u00e2ncia de <strong>R$16.262,35; RONALDO LOUREN\u00c7O DA COSTA<\/strong> e Esposa <strong>ADRIANA CRISTINA DE FARIA DA COSTA<\/strong> \/ PSA \u2013 PIP 019 \u2013 Matricula 48.792 do CRI, totalizando a import\u00e2ncia de <strong>R$2.547,95; RENATO ALVES DE OLIVEIRA <\/strong>e Esposa <strong>SIMONE APARECIDA DE SOUZA OLIVEIRA<\/strong>\/\u00a0 PSA \u2013 PIP 004 \u2013 Matricula 753 do CRI, totalizando a import\u00e2ncia de <strong>R$5.441,15<\/strong> e por fim, <strong>ANTONIO GIL DE MACEDO<\/strong> e esposa <strong>CINTYA SOARES DE OLIVEIRA MACEDO<\/strong> \/ PSA &#8211; PIP 003 &#8211;\u00a0 Matricula 31.541 do CRI, totalizando a import\u00e2ncia de <strong>R$3.711,55<\/strong>. Embasamento\u00a0 legal art. 25 da Lei Federal n.\u00ba 8.666\/93 c\/c a Lei Municipal 1.634, de 16\/10\/2014 e regulamentada pelo Decreto 1.746, de 27\/07\/2016. Homologa\u00e7\u00e3o\/Adjudica\u00e7\u00e3o: 21\/07\/2020. Ficha Or\u00e7ament\u00e1ria: Ficha 400 \u2013 02.05.01.18.541.0010.2058.3.3.90.48.00. <strong>Pimenta\/MG, 21 de Julho de 2020. Ailton Costa Faria \u2013 Prefeito Municipal.<\/strong><\/p>\n\n\n\n<p>&nbsp;<\/p>\n","protected":false},"excerpt":{"rendered":"<p>Publica\u00e7\u00f5es gerais do Munic\u00edpio MUNIC\u00cdPIO DE PIMENTA\/MG. Chamada P\u00fablica n\u00ba 001\/2022. Credenciamento at\u00e9 dia 16\/08\/2022 \u00e0s 08h30. Objeto: Chamada P\u00fablica para Aquisi\u00e7\u00e3o de G\u00eaneros Aliment\u00edcios em atendimento ao Programa do FNDE\/PNAE para Aquisi\u00e7\u00e3o de Produtos da Agricultura Familiar. O Edital poder\u00e1 ser solicitado pelo email: licitapta2@gmail.com, site oficial www.pimenta.mg.gov.br\/portalprefeitura\/ ou retirado na sede do Munic\u00edpio [&hellip;]<\/p>\n","protected":false},"author":4,"featured_media":0,"parent":0,"menu_order":0,"comment_status":"closed","ping_status":"closed","template":"elementor_theme","meta":{"footnotes":""},"class_list":["post-24","page","type-page","status-publish","hentry","wpbf-post"],"_links":{"self":[{"href":"http:\/\/pimenta.mg.gov.br\/prefeitura\/wp-json\/wp\/v2\/pages\/24","targetHints":{"allow":["GET"]}}],"collection":[{"href":"http:\/\/pimenta.mg.gov.br\/prefeitura\/wp-json\/wp\/v2\/pages"}],"about":[{"href":"http:\/\/pimenta.mg.gov.br\/prefeitura\/wp-json\/wp\/v2\/types\/page"}],"author":[{"embeddable":true,"href":"http:\/\/pimenta.mg.gov.br\/prefeitura\/wp-json\/wp\/v2\/users\/4"}],"replies":[{"embeddable":true,"href":"http:\/\/pimenta.mg.gov.br\/prefeitura\/wp-json\/wp\/v2\/comments?post=24"}],"version-history":[{"count":21,"href":"http:\/\/pimenta.mg.gov.br\/prefeitura\/wp-json\/wp\/v2\/pages\/24\/revisions"}],"predecessor-version":[{"id":5984,"href":"http:\/\/pimenta.mg.gov.br\/prefeitura\/wp-json\/wp\/v2\/pages\/24\/revisions\/5984"}],"wp:attachment":[{"href":"http:\/\/pimenta.mg.gov.br\/prefeitura\/wp-json\/wp\/v2\/media?parent=24"}],"curies":[{"name":"wp","href":"https:\/\/api.w.org\/{rel}","templated":true}]}}