{"id":2338,"date":"2021-05-26T12:51:19","date_gmt":"2021-05-26T15:51:19","guid":{"rendered":"http:\/\/pimenta.mg.gov.br\/prefeitura\/?page_id=2338"},"modified":"2024-03-14T09:14:56","modified_gmt":"2024-03-14T12:14:56","slug":"secretaria-de-meio-ambiente","status":"publish","type":"page","link":"http:\/\/pimenta.mg.gov.br\/prefeitura\/secretaria-de-meio-ambiente\/","title":{"rendered":"Secretaria de Meio Ambiente"},"content":{"rendered":"\n<p>S\u00e3o atribui\u00e7\u00f5es da Secretaria de Meio Ambiente promover a pesquisa, o estudo e as aplica\u00e7\u00f5es associadas ao licenciamento, \u00e0 fiscaliza\u00e7\u00e3o e a outros instrumentos de gest\u00e3o ambiental; promover o estudo de a\u00e7\u00f5es de extens\u00e3o a descentraliza\u00e7\u00e3o e fiscaliza\u00e7\u00e3o do Estado; orientar e supervisionar o suporte t\u00e9cnico e a instru\u00e7\u00e3o dos processos de fiscaliza\u00e7\u00e3o e licenciamento, para a tomada de decis\u00e3o no \u00e2mbito da Secretaria; orientar e executar a avalia\u00e7\u00e3o de impacto ambiental e demais medidas para licen\u00e7as ambientais, etc.<\/p>\n\n\n\n<p><strong>Secret\u00e1ria:<\/strong>\u00a0Shaiana Jaciara Silva<br><strong>Email:<\/strong>\u00a0meioambiente@pimenta.mg.gov.br<br><strong>Telefones:<\/strong>\u00a0(37) 3412 2820<br><strong>Endere\u00e7o:<\/strong>\u00a0Avenida JK de Oliveira, n\u00ba 396 \u2013 Centro<br><strong>Atendimento:<\/strong>\u00a0de segunda \u00e0 sexta das 08:00 \u00e0s 17:00<\/p>\n","protected":false},"excerpt":{"rendered":"<p>S\u00e3o atribui\u00e7\u00f5es da Secretaria de Meio Ambiente promover a pesquisa, o estudo e as aplica\u00e7\u00f5es associadas ao licenciamento, \u00e0 fiscaliza\u00e7\u00e3o e a outros instrumentos de gest\u00e3o ambiental; promover o estudo de a\u00e7\u00f5es de extens\u00e3o a descentraliza\u00e7\u00e3o e fiscaliza\u00e7\u00e3o do Estado; orientar e supervisionar o suporte t\u00e9cnico e a instru\u00e7\u00e3o dos processos de fiscaliza\u00e7\u00e3o e licenciamento, [&hellip;]<\/p>\n","protected":false},"author":4,"featured_media":0,"parent":0,"menu_order":0,"comment_status":"closed","ping_status":"closed","template":"","meta":{"footnotes":""},"class_list":["post-2338","page","type-page","status-publish","hentry","wpbf-post"],"_links":{"self":[{"href":"http:\/\/pimenta.mg.gov.br\/prefeitura\/wp-json\/wp\/v2\/pages\/2338","targetHints":{"allow":["GET"]}}],"collection":[{"href":"http:\/\/pimenta.mg.gov.br\/prefeitura\/wp-json\/wp\/v2\/pages"}],"about":[{"href":"http:\/\/pimenta.mg.gov.br\/prefeitura\/wp-json\/wp\/v2\/types\/page"}],"author":[{"embeddable":true,"href":"http:\/\/pimenta.mg.gov.br\/prefeitura\/wp-json\/wp\/v2\/users\/4"}],"replies":[{"embeddable":true,"href":"http:\/\/pimenta.mg.gov.br\/prefeitura\/wp-json\/wp\/v2\/comments?post=2338"}],"version-history":[{"count":5,"href":"http:\/\/pimenta.mg.gov.br\/prefeitura\/wp-json\/wp\/v2\/pages\/2338\/revisions"}],"predecessor-version":[{"id":11175,"href":"http:\/\/pimenta.mg.gov.br\/prefeitura\/wp-json\/wp\/v2\/pages\/2338\/revisions\/11175"}],"wp:attachment":[{"href":"http:\/\/pimenta.mg.gov.br\/prefeitura\/wp-json\/wp\/v2\/media?parent=2338"}],"curies":[{"name":"wp","href":"https:\/\/api.w.org\/{rel}","templated":true}]}}