{"id":2191,"date":"2021-05-26T12:45:49","date_gmt":"2021-05-26T15:45:49","guid":{"rendered":"http:\/\/pimenta.mg.gov.br\/prefeitura\/?page_id=2191"},"modified":"2024-03-14T09:40:20","modified_gmt":"2024-03-14T12:40:20","slug":"sectur","status":"publish","type":"page","link":"http:\/\/pimenta.mg.gov.br\/prefeitura\/sectur\/","title":{"rendered":"Secretaria de Esportes, Lazer, Cultura e Turismo"},"content":{"rendered":"\n<p>S\u00e3o atribui\u00e7\u00f5es da SECTUR: planejar, executar e acompanhar os trabalhos de atividades esportivas; coordenar todas as atividades esportivas do calend\u00e1rio anual; supervisionar o desenvolvimento das atividades dos servi\u00e7os atinentes ao Esporte; executar a pol\u00edtica municipal direcionada \u00e0 cultura; administrar os recursos transferidos ao munic\u00edpio para aplica\u00e7\u00e3o em programas de cultura; firmar parcerias capazes de produzir investimentos que tragam o desenvolvimento e possam fomentar o Turismo na Regi\u00e3o.<\/p>\n\n\n\n<p><strong>Secret\u00e1rio:<\/strong> Paulo S\u00e9rgio Esteves<br><strong>Email: <\/strong>sectur@pimenta.mg.gov.br<br><strong>Telefone:<\/strong> (37) 3412 2633<br><strong>Endere\u00e7o:<\/strong> AV. JK de Oliveira, N\u00ba 13 &#8211; bairro: Centro<br><strong>Atendimento:<\/strong>\u00a0de segunda-feira \u00e0 sexta-feira das 08:00 \u00e0s 17:00<\/p>\n\n\n\n<hr class=\"wp-block-separator has-css-opacity\"\/>\n\n\n\n<h2 class=\"wp-block-heading\"><span style=\"background-color:rgba(0, 0, 0, 0);color:#fb4d42\" class=\"has-inline-color\">Casa do Turista<\/span><\/h2>\n\n\n\n<p><strong>Telefone:  <\/strong>(37) 3412 2633 <br><strong>Endere\u00e7o: <\/strong>Av. Jair Leite, N\u00ba 337 &#8211; Centro <br><strong>Site:<\/strong> <a href=\"http:\/\/casadoturistapimenta.com.br\/\" data-type=\"URL\" data-id=\"http:\/\/casadoturistapimenta.com.br\/\" target=\"_blank\" rel=\"noreferrer noopener\">casadoturistapimenta.com.br<\/a><\/p>\n\n\n\n<hr class=\"wp-block-separator has-css-opacity\"\/>\n\n\n\n<h2 class=\"wp-block-heading\"><span style=\"background-color:rgba(0, 0, 0, 0);color:#fb4d42\" class=\"has-inline-color\">Galp\u00e3o Cultural Adilson Campos<\/span><\/h2>\n\n\n\n<p><strong>Telefone:<\/strong> (37) 3412 2633<br><strong>Endere\u00e7o:<\/strong> AV. JK de Oliveira, N\u00ba 13 A &#8211; bairro: Centro<br><strong>Atendimento:<\/strong>\u00a0de segunda-feira \u00e0 sexta-feira das08:00 \u00e0s 22:00<\/p>\n\n\n\n<hr class=\"wp-block-separator has-css-opacity\"\/>\n\n\n\n<h2 class=\"wp-block-heading\"><span style=\"background-color:rgba(0, 0, 0, 0);color:#fb4d55\" class=\"has-inline-color\">Pra\u00e7a de Esportes Municipal<\/span><\/h2>\n\n\n\n<p><strong>Respons\u00e1vel:<\/strong> Marina Lobato<br><strong>Telefone:<\/strong> (37) 3412 1230<br><strong>Endere\u00e7o:<\/strong> Pra\u00e7a Santo Ant\u00f4nio N\u00ba 100 &#8211; bairro: Centro  <br><strong>Atendimento:<\/strong> de segunda-feira \u00e0 sexta-feira das 08:00 \u00e0s 22:00<\/p>\n\n\n\n<hr class=\"wp-block-separator has-css-opacity\"\/>\n\n\n\n<h2 class=\"wp-block-heading\"><span style=\"background-color:rgba(0, 0, 0, 0);color:#fb4d42\" class=\"has-inline-color\">Quadra Poliesportiva Joaquim Ad\u00e3o (JK)<\/span><\/h2>\n\n\n\n<p><strong>Respons\u00e1vel: <\/strong>Juliano Santos<br><strong>Endere\u00e7o:<\/strong> Rua Professora Mariana Gonzaga 965 &#8211; bairro: JK<br><strong>Atendimento:<\/strong> de segunda-feira \u00e0 sexta-feira 18:00 \u00e0s 22:00<\/p>\n\n\n\n<hr class=\"wp-block-separator has-css-opacity\"\/>\n\n\n\n<h2 class=\"wp-block-heading\"><span style=\"background-color:rgba(0, 0, 0, 0);color:#fb4d42\" class=\"has-inline-color\">Quadra Poliesportiva Comunidade Grama dos Cordeiros <\/span><\/h2>\n\n\n\n<p><strong>Respons\u00e1vel:<\/strong> Juliano Santos<br><strong>Endere\u00e7o: <\/strong>Comunidade Grama dos Cordeiros (zona rural)<br><strong>Atendimento:<\/strong> de segunda-feira \u00e0 sexta-feira 18:00 \u00e0s 22:00<\/p>\n\n\n\n<hr class=\"wp-block-separator has-css-opacity\"\/>\n\n\n\n<p><\/p>\n","protected":false},"excerpt":{"rendered":"<p>S\u00e3o atribui\u00e7\u00f5es da SECTUR: planejar, executar e acompanhar os trabalhos de atividades esportivas; coordenar todas as atividades esportivas do calend\u00e1rio anual; supervisionar o desenvolvimento das atividades dos servi\u00e7os atinentes ao Esporte; executar a pol\u00edtica municipal direcionada \u00e0 cultura; administrar os recursos transferidos ao munic\u00edpio para aplica\u00e7\u00e3o em programas de cultura; firmar parcerias capazes de produzir [&hellip;]<\/p>\n","protected":false},"author":4,"featured_media":0,"parent":0,"menu_order":0,"comment_status":"closed","ping_status":"closed","template":"","meta":{"footnotes":""},"class_list":["post-2191","page","type-page","status-publish","hentry","wpbf-post"],"_links":{"self":[{"href":"http:\/\/pimenta.mg.gov.br\/prefeitura\/wp-json\/wp\/v2\/pages\/2191","targetHints":{"allow":["GET"]}}],"collection":[{"href":"http:\/\/pimenta.mg.gov.br\/prefeitura\/wp-json\/wp\/v2\/pages"}],"about":[{"href":"http:\/\/pimenta.mg.gov.br\/prefeitura\/wp-json\/wp\/v2\/types\/page"}],"author":[{"embeddable":true,"href":"http:\/\/pimenta.mg.gov.br\/prefeitura\/wp-json\/wp\/v2\/users\/4"}],"replies":[{"embeddable":true,"href":"http:\/\/pimenta.mg.gov.br\/prefeitura\/wp-json\/wp\/v2\/comments?post=2191"}],"version-history":[{"count":12,"href":"http:\/\/pimenta.mg.gov.br\/prefeitura\/wp-json\/wp\/v2\/pages\/2191\/revisions"}],"predecessor-version":[{"id":11192,"href":"http:\/\/pimenta.mg.gov.br\/prefeitura\/wp-json\/wp\/v2\/pages\/2191\/revisions\/11192"}],"wp:attachment":[{"href":"http:\/\/pimenta.mg.gov.br\/prefeitura\/wp-json\/wp\/v2\/media?parent=2191"}],"curies":[{"name":"wp","href":"https:\/\/api.w.org\/{rel}","templated":true}]}}