{"id":2181,"date":"2021-05-18T15:14:34","date_gmt":"2021-05-18T18:14:34","guid":{"rendered":"http:\/\/pimenta.mg.gov.br\/prefeitura\/?page_id=2181"},"modified":"2024-03-14T09:35:31","modified_gmt":"2024-03-14T12:35:31","slug":"secretaria-de-assistencia-social","status":"publish","type":"page","link":"http:\/\/pimenta.mg.gov.br\/prefeitura\/secretaria-de-assistencia-social\/","title":{"rendered":"Secretaria de Assist\u00eancia Social"},"content":{"rendered":"\n<p>S\u00e3o atribui\u00e7\u00f5es da Secretaria de Assist\u00eancia Social: coordenar a\u00e7\u00f5es voltadas para o desenvolvimento e promo\u00e7\u00e3o social das comunidades, atrav\u00e9s das entidades comunit\u00e1rias e de classe; estabelecer contato e assessorar as entidades no que diz respeito \u00e0 sua atualiza\u00e7\u00e3o cadastral, inscri\u00e7\u00e3o e registro de programas junto aos Conselhos Municipais; estabelecer mecanismos e metodologias participativas para mobiliza\u00e7\u00e3o das comunidades atrav\u00e9s de suas organiza\u00e7\u00f5es leg\u00edtimas para desenvolvimento de programas e projetos; etc.<\/p>\n\n\n\n<p><strong>Secret\u00e1ria: <\/strong>Rosilene In\u00e1cio de Oliveira<br><strong>Email: <\/strong><a href=\"mailto:semabes@yahoo.com.br\">semabes@yahoo.com.br<\/a><br><strong>Telefone:<\/strong> (37) 3412 2820<br><strong>Endere\u00e7o: <\/strong>Avenida JK de Oliveira, n\u00ba 396 &#8211; bairro: Centro<br><strong>Atendimento:<\/strong> de segunda \u00e0 sexta das 08:00 \u00e0s 17:00<\/p>\n\n\n\n<hr class=\"wp-block-separator has-css-opacity\"\/>\n\n\n\n<h2 class=\"wp-block-heading\"><strong><span style=\"color:#fb4d42\" class=\"has-inline-color\">CRAS &#8211; Centro de Refer\u00eancia da Assist\u00eancia Social<\/span><\/strong><\/h2>\n\n\n\n<p><strong>Respons\u00e1vel:<\/strong> \u00c9rika da Silveira Barbosa<br><strong>E-mail:\u00a0<\/strong><a href=\"mailto:cras@pimenta.mg.gov.br\" target=\"_blank\" rel=\"noreferrer noopener\">cras@pimenta.mg.gov.br<\/a><br><strong>Telefone:<\/strong> (37)\u00a03412 1427<br><strong>Endere\u00e7o<\/strong>:\u00a0Avenida Aristides Garcia Le\u00e3o, S\/N, bairro: JK &#8211; (tempor\u00e1rio)<br><strong>Atendimento:<\/strong>\u00a0de segunda \u00e0 sexta das 08:00 \u00e0s 17:00 horas<br><strong>Rede Social:<\/strong> <strong><a href=\"https:\/\/www.facebook.com\/profile.php?id=100010292226949\" data-type=\"URL\" data-id=\"https:\/\/www.facebook.com\/profile.php?id=100010292226949\" target=\"_blank\" rel=\"noreferrer noopener\"><span style=\"background-color:rgba(0, 0, 0, 0);color:#faad55\" class=\"has-inline-color\">FACEBOOK<\/span><\/a><\/strong><\/p>\n\n\n\n<hr class=\"wp-block-separator has-css-opacity\"\/>\n\n\n\n<h2 class=\"wp-block-heading\"><strong><span style=\"color:#fb4d42\" class=\"has-inline-color\">Conselho Tutelar<\/span><\/strong><\/h2>\n\n\n\n<p><strong>Respons\u00e1vel:<\/strong> Elaine Teodolina Garcia Tom\u00e9 Belo<br><strong>E-mail:<\/strong>\u00a0<a href=\"mailto:conselho_tutelar@yahoo.com\" target=\"_blank\" rel=\"noreferrer noopener\">conselho_tutelar@yahoo.com<\/a><br><strong>Telefone:<\/strong> (37) 3412 1982 ou (37) 99917 7270<br><strong>Endere\u00e7o:<\/strong> Avenida Aristides Garcia Le\u00e3o, S\/N, Bairro: JK<br><strong>Atendimento:<\/strong> de segunda \u00e0 sexta das 08:00 \u00e0s 17:00 horas<\/p>\n\n\n\n<hr class=\"wp-block-separator has-css-opacity\"\/>\n\n\n\n<h2 class=\"wp-block-heading\"><strong><span style=\"color:#fb4d42\" class=\"has-inline-color\">Programa Fam\u00edlia Acolhedora\/<br>Servi\u00e7o da Prote\u00e7\u00e3o Social Especial<\/span><\/strong><\/h2>\n\n\n\n<p><strong>Respons\u00e1vel:<\/strong> Thalita Rodrigues de Oliveira<br><strong>Email:<\/strong> familiaacolhedora@pimenta.mg.gov.br<br><strong>Telefone: <\/strong>(37) 3412 2820<br><strong>Endere\u00e7o: <\/strong>Avenida Juscelino Kubitschek, n\u00ba 396, Bairro: Centro<br><strong>Atendimento:<\/strong> de segunda \u00e0 sexta das 08:00 \u00e0s 17:00 horas<br><strong>Formul\u00e1rio de cadastramento:<\/strong> <a href=\"https:\/\/forms.gle\/YSNDdZYPzxQLReJZ6\" target=\"_blank\" rel=\"noreferrer noopener\">https:\/\/forms.gle\/YSNDdZYPzxQLReJZ6<\/a><\/p>\n\n\n\n<p><\/p>\n","protected":false},"excerpt":{"rendered":"<p>S\u00e3o atribui\u00e7\u00f5es da Secretaria de Assist\u00eancia Social: coordenar a\u00e7\u00f5es voltadas para o desenvolvimento e promo\u00e7\u00e3o social das comunidades, atrav\u00e9s das entidades comunit\u00e1rias e de classe; estabelecer contato e assessorar as entidades no que diz respeito \u00e0 sua atualiza\u00e7\u00e3o cadastral, inscri\u00e7\u00e3o e registro de programas junto aos Conselhos Municipais; estabelecer mecanismos e metodologias participativas para mobiliza\u00e7\u00e3o [&hellip;]<\/p>\n","protected":false},"author":4,"featured_media":0,"parent":0,"menu_order":0,"comment_status":"closed","ping_status":"closed","template":"","meta":{"footnotes":""},"class_list":["post-2181","page","type-page","status-publish","hentry","wpbf-post"],"_links":{"self":[{"href":"http:\/\/pimenta.mg.gov.br\/prefeitura\/wp-json\/wp\/v2\/pages\/2181","targetHints":{"allow":["GET"]}}],"collection":[{"href":"http:\/\/pimenta.mg.gov.br\/prefeitura\/wp-json\/wp\/v2\/pages"}],"about":[{"href":"http:\/\/pimenta.mg.gov.br\/prefeitura\/wp-json\/wp\/v2\/types\/page"}],"author":[{"embeddable":true,"href":"http:\/\/pimenta.mg.gov.br\/prefeitura\/wp-json\/wp\/v2\/users\/4"}],"replies":[{"embeddable":true,"href":"http:\/\/pimenta.mg.gov.br\/prefeitura\/wp-json\/wp\/v2\/comments?post=2181"}],"version-history":[{"count":13,"href":"http:\/\/pimenta.mg.gov.br\/prefeitura\/wp-json\/wp\/v2\/pages\/2181\/revisions"}],"predecessor-version":[{"id":11186,"href":"http:\/\/pimenta.mg.gov.br\/prefeitura\/wp-json\/wp\/v2\/pages\/2181\/revisions\/11186"}],"wp:attachment":[{"href":"http:\/\/pimenta.mg.gov.br\/prefeitura\/wp-json\/wp\/v2\/media?parent=2181"}],"curies":[{"name":"wp","href":"https:\/\/api.w.org\/{rel}","templated":true}]}}