{"id":2157,"date":"2021-05-18T14:06:35","date_gmt":"2021-05-18T17:06:35","guid":{"rendered":"http:\/\/pimenta.mg.gov.br\/prefeitura\/?page_id=2157"},"modified":"2025-05-16T16:53:08","modified_gmt":"2025-05-16T19:53:08","slug":"secretaria-de-saude","status":"publish","type":"page","link":"http:\/\/pimenta.mg.gov.br\/prefeitura\/secretaria-de-saude\/","title":{"rendered":"Secretaria de Sa\u00fade"},"content":{"rendered":"\n<p>S\u00e3o atribui\u00e7\u00f5es da Secretaria Municipal de Sa\u00fade: planejar, organizar, supervisionar, dirigir, executar e avaliar as pol\u00edticas e os planos municipais de sa\u00fade p\u00fablica; implementar e supervisionar o Sistema \u00danico de Sa\u00fade no Munic\u00edpio; elaborar e atualizar os planos de sa\u00fade em conson\u00e2ncia com a realidade epidemiol\u00f3gica; compatibilizar e adequar normas t\u00e9cnicas do Minist\u00e9rio da Sa\u00fade e da Secretaria de Estado de Sa\u00fade de acordo com a realidade do Munic\u00edpio; Coordenar e administrar os recursos humanos de sa\u00fade.<\/p>\n\n\n\n<p><strong>Secret\u00e1ria:<\/strong> Linara Mirelle Domingos<br><strong>Email:<\/strong> gestaosms@pimenta.mg.gov.br  \/  secretariasaude@pimenta.mg.gov.br<br><strong>Telefones:<\/strong> (37) 3412-0912<br><strong>Endere\u00e7o:<\/strong> Avenida JK de Oliveira, n\u00ba 396 &#8211; Centro<br><strong>Atendimento:<\/strong> de segunda \u00e0 sexta das 07:00 \u00e0s 16:00<br><strong>Redes sociais<\/strong>:<a href=\"https:\/\/www.instagram.com\/secretariamunicipalsaude\/\" target=\"_blank\" rel=\"noreferrer noopener\"> <\/a><strong><a href=\"https:\/\/www.instagram.com\/secretariamunicipalsaude\/\" target=\"_blank\" rel=\"noreferrer noopener\"><span style=\"background-color:rgba(0, 0, 0, 0);color:#faad55\" class=\"has-inline-color\">INSTAGRAM<\/span><\/a><span style=\"background-color:rgba(0, 0, 0, 0);color:#faad55\" class=\"has-inline-color\"><a href=\"https:\/\/www.instagram.com\/secretariamunicipalsaude\/\" target=\"_blank\" rel=\"noreferrer noopener\">  <\/a><\/span><\/strong>\/  <strong><a href=\"https:\/\/www.facebook.com\/secretariadesaudepta\/\" data-type=\"URL\" data-id=\"https:\/\/www.facebook.com\/secretariadesaudepta\/\" target=\"_blank\" rel=\"noreferrer noopener\"><span style=\"background-color:rgba(0, 0, 0, 0);color:#faad55\" class=\"has-inline-color\">FACEBOOK<\/span><\/a><\/strong><\/p>\n\n\n\n<hr class=\"wp-block-separator has-css-opacity\"\/>\n\n\n\n<h2 class=\"wp-block-heading\"><span style=\"background-color:rgba(0, 0, 0, 0);color:#fb4d42\" class=\"has-inline-color\">Santa Casa Municipal de Sa\u00fade<\/span><\/h2>\n\n\n\n<p><strong>Respons\u00e1vel: <\/strong>Ligia Beraldo de Oliveira<br><strong>Email: <\/strong>santacasa@pimenta.mg.gov.br<br><strong>Telefone:<\/strong> (37) 3412-2178  \/  (37) 3412-2435  \/ &nbsp;(37) 99820-3451<br><strong>Endere\u00e7o:<\/strong> Rua Totonho Costa, n\u00ba 230 &#8211; bairro Centro<\/p>\n\n\n\n<hr class=\"wp-block-separator has-css-opacity\"\/>\n\n\n\n<h2 class=\"wp-block-heading\"><span style=\"background-color:rgba(0, 0, 0, 0);color:#fb4d42\" class=\"has-inline-color\">UBS Edna Miranda de Domingos (Santo Ant\u00f4nio)<\/span><\/h2>\n\n\n\n<p><strong>Respons\u00e1vel:<\/strong> Rhillary Lorrayne de Souza<br><strong>Email:<\/strong> esfsaudeebemviver@gmail.com<br><strong>Telefone: <\/strong>(37) 3412 1793<br><strong>Endere\u00e7o: <\/strong>Rua Oswaldo Cruz, n\u00ba 17 &#8211; bairro Centro<br><strong>Atendimento:<\/strong> de segunda \u00e0 sexta das 07:00 \u00e0s 16:00<\/p>\n\n\n\n<hr class=\"wp-block-separator has-css-opacity\"\/>\n\n\n\n<h2 class=\"wp-block-heading\"><span style=\"background-color:rgba(0, 0, 0, 0);color:#fb4d55\" class=\"has-inline-color\">UBS Jos\u00e9 do Sabininho (JK)<\/span><\/h2>\n\n\n\n<p><strong>Respons\u00e1vel:<\/strong> Telma Soares de Oliveira<br><strong>Email:<\/strong> esfsaudeebemestar@gmail.com<br><strong>Telefone:<\/strong> (37) 3412 1074<br><strong>Endere\u00e7o:<\/strong> Avenida Aristides Garcia Le\u00e3o, n\u00ba 321 &#8211; bairro J.K.<br><strong>Atendimento:<\/strong> de segunda \u00e0 sexta das 07:00 \u00e0s 16:00<\/p>\n\n\n\n<hr class=\"wp-block-separator has-css-opacity\"\/>\n\n\n\n<h2 class=\"wp-block-heading\"><span style=\"background-color:rgba(0, 0, 0, 0);color:#fb4d42\" class=\"has-inline-color\">UBS Lindoliva Rosa de Jesus (Santa Rita)<\/span><\/h2>\n\n\n\n<p><strong>Respons\u00e1vel:<\/strong> Laiza Aparecida Costa Borges<br><strong>Email: <\/strong>esfvidaesaude@gmail.com<br><strong>Telefone:<\/strong> (37) 3412 1981<br><strong>Endere\u00e7o:<\/strong> Rua S\u00e3o Paulo, n\u00ba 245 &#8211; Santa Rita<br><strong>Atendimento:<\/strong> de segunda \u00e0 sexta das 07:00 \u00e0s 16:00<\/p>\n\n\n\n<hr class=\"wp-block-separator has-css-opacity\"\/>\n\n\n\n<h2 class=\"wp-block-heading\"><span style=\"background-color:rgba(0, 0, 0, 0);color:#fb4d42\" class=\"has-inline-color\">CAPS &#8211; Centro de Aten\u00e7\u00e3o Psicossocial<\/span><\/h2>\n\n\n\n<p><strong>Respons\u00e1vel:<\/strong> Ane Karla Terra<br><strong>Email: <\/strong>capspimenta2018@gmail.com<br><strong>Telefone:<\/strong> (37)&nbsp;3412 1428<br><strong>Endere\u00e7o: <\/strong>Avenida Aristides Garcia Le\u00e3o, n\u00ba 203 &#8211; bairro J.K.<br><strong>Atendimento:<\/strong> de segunda \u00e0 sexta das 07:00 \u00e0s 16:00<\/p>\n\n\n\n<hr class=\"wp-block-separator has-css-opacity\"\/>\n\n\n\n<h2 class=\"wp-block-heading\"><span style=\"background-color:rgba(0, 0, 0, 0);color:#fb4d42\" class=\"has-inline-color\">Centro de Sa\u00fade<\/span><\/h2>\n\n\n\n<p><strong>Respons\u00e1vel:<\/strong> Simone Gomes Lara<br><strong>Telefone:<\/strong> (37) 3412 2819<br><strong>Endere\u00e7o: <\/strong>Avenida JK de Oliveira, n\u00ba 403 &#8211; bairro Centro<br><strong>Atendimento:<\/strong> de segunda \u00e0 sexta das 08:00 \u00e0s 17:00<\/p>\n\n\n\n<hr class=\"wp-block-separator has-css-opacity\"\/>\n\n\n\n<h2 class=\"wp-block-heading\"><span style=\"background-color:rgba(0, 0, 0, 0);color:#fb4d42\" class=\"has-inline-color\">Farm\u00e1cia de Minas<\/span><\/h2>\n\n\n\n<p><strong>Respons\u00e1vel:<\/strong> Luciana Soeiro Miranda Machado Lopes da Silva<br><strong>Telefone:<\/strong> (37) 3412 2634<br><strong>Endere\u00e7o: <\/strong>Avenida JK de Oliveira, n\u00ba 401 &#8211; bairro Centro<br><strong>Atendimento:<\/strong> de segunda \u00e0 sexta das 08:00 \u00e0s 17:00<\/p>\n\n\n\n<hr class=\"wp-block-separator has-css-opacity\"\/>\n\n\n\n<h2 class=\"wp-block-heading\"><span style=\"background-color:rgba(0, 0, 0, 0);color:#fb4d42\" class=\"has-inline-color\">Vigil\u00e2ncia Sanit\u00e1ria<\/span><\/h2>\n\n\n\n<p><strong>Respons\u00e1vel:<\/strong> Simone Aparecida Costa Cruz<br><strong>Telefone:<\/strong> (37) 3412 0912<br><strong>Endere\u00e7o: <\/strong>Avenida JK de Oliveira, n\u00ba 401 &#8211; bairro Centro<br><strong>Atendimento:<\/strong> de segunda \u00e0 sexta das 08:00 \u00e0s 17:00<\/p>\n","protected":false},"excerpt":{"rendered":"<p>S\u00e3o atribui\u00e7\u00f5es da Secretaria Municipal de Sa\u00fade: planejar, organizar, supervisionar, dirigir, executar e avaliar as pol\u00edticas e os planos municipais de sa\u00fade p\u00fablica; implementar e supervisionar o Sistema \u00danico de Sa\u00fade no Munic\u00edpio; elaborar e atualizar os planos de sa\u00fade em conson\u00e2ncia com a realidade epidemiol\u00f3gica; compatibilizar e adequar normas t\u00e9cnicas do Minist\u00e9rio da Sa\u00fade [&hellip;]<\/p>\n","protected":false},"author":4,"featured_media":0,"parent":0,"menu_order":0,"comment_status":"closed","ping_status":"closed","template":"","meta":{"footnotes":""},"class_list":["post-2157","page","type-page","status-publish","hentry","wpbf-post"],"_links":{"self":[{"href":"http:\/\/pimenta.mg.gov.br\/prefeitura\/wp-json\/wp\/v2\/pages\/2157","targetHints":{"allow":["GET"]}}],"collection":[{"href":"http:\/\/pimenta.mg.gov.br\/prefeitura\/wp-json\/wp\/v2\/pages"}],"about":[{"href":"http:\/\/pimenta.mg.gov.br\/prefeitura\/wp-json\/wp\/v2\/types\/page"}],"author":[{"embeddable":true,"href":"http:\/\/pimenta.mg.gov.br\/prefeitura\/wp-json\/wp\/v2\/users\/4"}],"replies":[{"embeddable":true,"href":"http:\/\/pimenta.mg.gov.br\/prefeitura\/wp-json\/wp\/v2\/comments?post=2157"}],"version-history":[{"count":21,"href":"http:\/\/pimenta.mg.gov.br\/prefeitura\/wp-json\/wp\/v2\/pages\/2157\/revisions"}],"predecessor-version":[{"id":15763,"href":"http:\/\/pimenta.mg.gov.br\/prefeitura\/wp-json\/wp\/v2\/pages\/2157\/revisions\/15763"}],"wp:attachment":[{"href":"http:\/\/pimenta.mg.gov.br\/prefeitura\/wp-json\/wp\/v2\/media?parent=2157"}],"curies":[{"name":"wp","href":"https:\/\/api.w.org\/{rel}","templated":true}]}}