{"id":2044,"date":"2021-05-17T11:18:59","date_gmt":"2021-05-17T14:18:59","guid":{"rendered":"http:\/\/pimenta.mg.gov.br\/prefeitura\/?page_id=2044"},"modified":"2024-03-14T16:18:09","modified_gmt":"2024-03-14T19:18:09","slug":"engenharia","status":"publish","type":"page","link":"http:\/\/pimenta.mg.gov.br\/prefeitura\/engenharia\/","title":{"rendered":"Engenharia"},"content":{"rendered":"\n<p>S\u00e3o atribui\u00e7\u00f5es do departamento de Engenharia e Arquitetura a aprova\u00e7\u00e3o de projetos em geral; loteamentos; alvar\u00e1s de constru\u00e7\u00e3o, habite-se e demais documentos referente \u00e0 obras, arquitetura e urbanismo; elabora\u00e7\u00e3o de projetos arquitet\u00f4nicos referentes \u00e0s obras p\u00fablicas, etc&#8230;<\/p>\n\n\n\n<p><strong>Respons\u00e1vel:<\/strong> Neila Alves Lopes<br><strong>Email:<\/strong> engenharia@pimenta.mg.gov.br<br><strong>Telefone: <\/strong>(37) 3412 2820<br><strong>Endere\u00e7o: <\/strong>AV. JK de Oliveira, N\u00ba 396 &#8211; Centro<br><strong>Atendimento:<\/strong> de segunda \u00e0 sexta das 08:00 \u00e0s 17:00<\/p>\n\n\n\n<p><\/p>\n","protected":false},"excerpt":{"rendered":"<p>S\u00e3o atribui\u00e7\u00f5es do departamento de Engenharia e Arquitetura a aprova\u00e7\u00e3o de projetos em geral; loteamentos; alvar\u00e1s de constru\u00e7\u00e3o, habite-se e demais documentos referente \u00e0 obras, arquitetura e urbanismo; elabora\u00e7\u00e3o de projetos arquitet\u00f4nicos referentes \u00e0s obras p\u00fablicas, etc&#8230; Respons\u00e1vel: Neila Alves LopesEmail: engenharia@pimenta.mg.gov.brTelefone: (37) 3412 2820Endere\u00e7o: AV. JK de Oliveira, N\u00ba 396 &#8211; CentroAtendimento: de segunda [&hellip;]<\/p>\n","protected":false},"author":4,"featured_media":0,"parent":0,"menu_order":0,"comment_status":"closed","ping_status":"closed","template":"","meta":{"footnotes":""},"class_list":["post-2044","page","type-page","status-publish","hentry","wpbf-post"],"_links":{"self":[{"href":"http:\/\/pimenta.mg.gov.br\/prefeitura\/wp-json\/wp\/v2\/pages\/2044","targetHints":{"allow":["GET"]}}],"collection":[{"href":"http:\/\/pimenta.mg.gov.br\/prefeitura\/wp-json\/wp\/v2\/pages"}],"about":[{"href":"http:\/\/pimenta.mg.gov.br\/prefeitura\/wp-json\/wp\/v2\/types\/page"}],"author":[{"embeddable":true,"href":"http:\/\/pimenta.mg.gov.br\/prefeitura\/wp-json\/wp\/v2\/users\/4"}],"replies":[{"embeddable":true,"href":"http:\/\/pimenta.mg.gov.br\/prefeitura\/wp-json\/wp\/v2\/comments?post=2044"}],"version-history":[{"count":3,"href":"http:\/\/pimenta.mg.gov.br\/prefeitura\/wp-json\/wp\/v2\/pages\/2044\/revisions"}],"predecessor-version":[{"id":11195,"href":"http:\/\/pimenta.mg.gov.br\/prefeitura\/wp-json\/wp\/v2\/pages\/2044\/revisions\/11195"}],"wp:attachment":[{"href":"http:\/\/pimenta.mg.gov.br\/prefeitura\/wp-json\/wp\/v2\/media?parent=2044"}],"curies":[{"name":"wp","href":"https:\/\/api.w.org\/{rel}","templated":true}]}}