{"id":1409,"date":"2021-03-28T15:43:12","date_gmt":"2021-03-28T18:43:12","guid":{"rendered":"http:\/\/pimenta.mg.gov.br\/prefeitura\/?page_id=1409"},"modified":"2021-07-27T09:09:29","modified_gmt":"2021-07-27T12:09:29","slug":"secretarias","status":"publish","type":"page","link":"http:\/\/pimenta.mg.gov.br\/prefeitura\/secretarias\/","title":{"rendered":"Secretarias"},"content":{"rendered":"\n<ul class=\"wp-block-list\"><li><strong><a href=\"http:\/\/pimenta.mg.gov.br\/prefeitura\/secretaria-de-administracao\/\"><span style=\"color:#fb4d42\" class=\"has-inline-color\">Secretaria de Administra\u00e7\u00e3o<\/span><\/a><\/strong><\/li><li><strong><a href=\"http:\/\/pimenta.mg.gov.br\/prefeitura\/secretaria-de-assistencia-social\/\"><span style=\"color:#fb4d42\" class=\"has-inline-color\">Secretaria de Assist\u00eancia Social<\/span><\/a><\/strong><\/li><li><strong><a href=\"http:\/\/pimenta.mg.gov.br\/prefeitura\/secretaria-de-educacao\/\" data-type=\"URL\" data-id=\"http:\/\/pimenta.mg.gov.br\/prefeitura\/secretaria-de-educacao\/\"><span style=\"color:#fb4d42\" class=\"has-inline-color\">Secretaria de Educa\u00e7\u00e3o<\/span><\/a><\/strong><\/li><li><strong><a href=\"http:\/\/pimenta.mg.gov.br\/prefeitura\/sectur\/\" data-type=\"URL\" data-id=\"http:\/\/pimenta.mg.gov.br\/prefeitura\/sectur\/\"><span style=\"color:#fb4d42\" class=\"has-inline-color\">Secretaria de Esportes, Lazer, Cultura e Turismo<\/span><\/a><\/strong><\/li><li><a href=\"http:\/\/pimenta.mg.gov.br\/prefeitura\/tesouraria\/\" data-type=\"URL\" data-id=\"http:\/\/pimenta.mg.gov.br\/prefeitura\/tesouraria\/\"><strong><span style=\"color:#fb4d42\" class=\"has-inline-color\">Secretaria de Fazenda<\/span><\/strong><\/a><\/li><li><strong><a href=\"http:\/\/pimenta.mg.gov.br\/prefeitura\/secretaria-de-meio-ambiente\/\" data-type=\"URL\" data-id=\"http:\/\/pimenta.mg.gov.br\/prefeitura\/secretaria-de-meio-ambiente\/\"><span style=\"color:#fb4d42\" class=\"has-inline-color\">Secretaria de Meio Ambiente<\/span><\/a><\/strong><\/li><li><a href=\"http:\/\/pimenta.mg.gov.br\/prefeitura\/secretaria-de-obras\/\" data-type=\"URL\" data-id=\"http:\/\/pimenta.mg.gov.br\/prefeitura\/secretaria-de-obras\/\"><strong><span style=\"color:#fb4d42\" class=\"has-inline-color\">Secretaria de Obras, Transportes e Servi\u00e7os<\/span><\/strong><\/a><\/li><li><a href=\"http:\/\/pimenta.mg.gov.br\/prefeitura\/secretaria-de-saude\/\" data-type=\"URL\" data-id=\"http:\/\/pimenta.mg.gov.br\/prefeitura\/secretaria-de-saude\/\"><strong><span style=\"color:#fb4d42\" class=\"has-inline-color\">Secretaria de Sa\u00fade<\/span><\/strong><\/a><\/li><li><strong><a href=\"http:\/\/pimenta.mg.gov.br\/prefeitura\/urbanismo\/\" data-type=\"URL\" data-id=\"http:\/\/pimenta.mg.gov.br\/prefeitura\/urbanismo\/\"><span style=\"color:#fb4d42\" class=\"has-inline-color\">Secretaria de Urbanismo<\/span><\/a><\/strong><\/li><\/ul>\n\n\n\n<p><\/p>\n","protected":false},"excerpt":{"rendered":"<p>Secretaria de Administra\u00e7\u00e3o Secretaria de Assist\u00eancia Social Secretaria de Educa\u00e7\u00e3o Secretaria de Esportes, Lazer, Cultura e Turismo Secretaria de Fazenda Secretaria de Meio Ambiente Secretaria de Obras, Transportes e Servi\u00e7os Secretaria de Sa\u00fade Secretaria de Urbanismo<\/p>\n","protected":false},"author":4,"featured_media":0,"parent":0,"menu_order":0,"comment_status":"closed","ping_status":"closed","template":"","meta":{"footnotes":""},"class_list":["post-1409","page","type-page","status-publish","hentry","wpbf-post"],"_links":{"self":[{"href":"http:\/\/pimenta.mg.gov.br\/prefeitura\/wp-json\/wp\/v2\/pages\/1409","targetHints":{"allow":["GET"]}}],"collection":[{"href":"http:\/\/pimenta.mg.gov.br\/prefeitura\/wp-json\/wp\/v2\/pages"}],"about":[{"href":"http:\/\/pimenta.mg.gov.br\/prefeitura\/wp-json\/wp\/v2\/types\/page"}],"author":[{"embeddable":true,"href":"http:\/\/pimenta.mg.gov.br\/prefeitura\/wp-json\/wp\/v2\/users\/4"}],"replies":[{"embeddable":true,"href":"http:\/\/pimenta.mg.gov.br\/prefeitura\/wp-json\/wp\/v2\/comments?post=1409"}],"version-history":[{"count":10,"href":"http:\/\/pimenta.mg.gov.br\/prefeitura\/wp-json\/wp\/v2\/pages\/1409\/revisions"}],"predecessor-version":[{"id":3203,"href":"http:\/\/pimenta.mg.gov.br\/prefeitura\/wp-json\/wp\/v2\/pages\/1409\/revisions\/3203"}],"wp:attachment":[{"href":"http:\/\/pimenta.mg.gov.br\/prefeitura\/wp-json\/wp\/v2\/media?parent=1409"}],"curies":[{"name":"wp","href":"https:\/\/api.w.org\/{rel}","templated":true}]}}