{"id":10896,"date":"2023-09-19T12:47:17","date_gmt":"2023-09-19T15:47:17","guid":{"rendered":"http:\/\/pimenta.mg.gov.br\/prefeitura\/?page_id=10896"},"modified":"2024-03-13T16:51:31","modified_gmt":"2024-03-13T19:51:31","slug":"novos-telefones","status":"publish","type":"page","link":"http:\/\/pimenta.mg.gov.br\/prefeitura\/novos-telefones\/","title":{"rendered":"Novos telefones dos servi\u00e7os p\u00fablicos municipais"},"content":{"rendered":"\n<p><strong>ACADEMIA SA\u00daDE:<\/strong> (37)\u00a03412 1231<\/p>\n\n\n\n<p><strong>CAPS: <\/strong>(37)\u00a03412 1428<\/p>\n\n\n\n<p><strong>CEMEI MARIA APARECIDA MIRANDA E SILVA (JK): <\/strong>(37) 3412 1584<\/p>\n\n\n\n<p><strong>CEMEI ZULMIRA SANTOS VILELA (SANTA RITA):<\/strong> (37) 3412 0396 (n\u00e3o est\u00e1 em funcionamento)<\/p>\n\n\n\n<p><strong>CENTRO DE CONVIV\u00caNCIA:<\/strong> (37) 3412 1585<\/p>\n\n\n\n<p><strong>CENTRO DE SA\u00daDE<\/strong>: (37) 3412 2819<\/p>\n\n\n\n<p><strong>CONSELHO TUTELAR: <\/strong>(37) 3412 1982<\/p>\n\n\n\n<p><strong>CONSELHO TUTELAR (celular):<\/strong> (37) 99917 7270<\/p>\n\n\n\n<p><strong>CRAS: <\/strong>(37)\u00a03412 1427<\/p>\n\n\n\n<p><strong>CRAS (chamadas somente pelo whatsapp):<\/strong> (37) 3324 1138<\/p>\n\n\n\n<p><strong>ESCOLA MUNICIPAL PADRE ARISTIDES QUEIROZ:<\/strong> (37)\u00a03412 1073<\/p>\n\n\n\n<p><strong>ESCOLA MUNICIPAL SANTA RITA:<\/strong> (37) 3412 1794<\/p>\n\n\n\n<p><strong>FARM\u00c1CIA DE MINAS: <\/strong>(37) 3412 2634<\/p>\n\n\n\n<p><strong>GALP\u00c3O CULTURAL: <\/strong>(37) 3412 2633<\/p>\n\n\n\n<p><strong>PRA\u00c7A DE ESPORTES: <\/strong>(37) 3412 1230<\/p>\n\n\n\n<p><strong>PREFEITURA ANTIGA: <\/strong>(37) 3412 2436<\/p>\n\n\n\n<p><strong>PREFEITURA MUNICIPAL: <\/strong>(37) 3412 2820<\/p>\n\n\n\n<p><strong>PREFEITURA <strong>(celular)<\/strong>:<\/strong> (37) 99936 6621<\/p>\n\n\n\n<p><strong>SANTA CASA MUNICIPAL DE SA\u00daDE: <\/strong>(37) 3412 2178 e (37) 3412 2435<\/p>\n\n\n\n<p><strong>SECRETARIA DE SA\u00daDE (RECEP\u00c7\u00c3O): <\/strong>(37) 3412 0912<\/p>\n\n\n\n<p><strong>SECRETARIA SA\u00daDE (CELULAR):<\/strong> (37) 99906 6010<\/p>\n\n\n\n<p><strong>SETOR DE ENDEMIAS: <\/strong>(37) 3412 2177<\/p>\n\n\n\n<p><strong>SIAT:<\/strong><strong> <\/strong>(37) 3412 0456<\/p>\n\n\n\n<p><strong>UBS JOS\u00c9 DO SABININHO (JK): <\/strong>(37) 3412 1074<\/p>\n\n\n\n<p><strong>UBS EDNA MIRANDA DE DOMINGOS (SANTO ANT\u00d4NIO): <\/strong>(37) 3412 1793<\/p>\n\n\n\n<p><strong>UBS LINDOLIVA ROSA DE JESUS (SANTA RITA): <\/strong>(37) 3412 1981<\/p>\n\n\n\n<p><\/p>\n\n\n\n<figure class=\"wp-block-image size-large\"><img fetchpriority=\"high\" decoding=\"async\" width=\"1024\" height=\"1024\" src=\"http:\/\/pimenta.mg.gov.br\/prefeitura\/wp-content\/uploads\/2023\/10\/375753005_720366170124745_7253635869064147318_n-1024x1024.jpg\" alt=\"\" class=\"wp-image-10923\" srcset=\"http:\/\/pimenta.mg.gov.br\/prefeitura\/wp-content\/uploads\/2023\/10\/375753005_720366170124745_7253635869064147318_n-1024x1024.jpg 1024w, http:\/\/pimenta.mg.gov.br\/prefeitura\/wp-content\/uploads\/2023\/10\/375753005_720366170124745_7253635869064147318_n-150x150.jpg 150w, http:\/\/pimenta.mg.gov.br\/prefeitura\/wp-content\/uploads\/2023\/10\/375753005_720366170124745_7253635869064147318_n-300x300.jpg 300w, http:\/\/pimenta.mg.gov.br\/prefeitura\/wp-content\/uploads\/2023\/10\/375753005_720366170124745_7253635869064147318_n-768x768.jpg 768w, http:\/\/pimenta.mg.gov.br\/prefeitura\/wp-content\/uploads\/2023\/10\/375753005_720366170124745_7253635869064147318_n.jpg 1080w\" sizes=\"(max-width: 1024px) 100vw, 1024px\" \/><\/figure>\n\n\n\n<figure class=\"wp-block-image size-large\"><img decoding=\"async\" width=\"1024\" height=\"1024\" src=\"http:\/\/pimenta.mg.gov.br\/prefeitura\/wp-content\/uploads\/2023\/10\/WhatsApp-Image-2023-10-03-at-12.55.49-1024x1024.jpeg\" alt=\"\" class=\"wp-image-10924\" srcset=\"http:\/\/pimenta.mg.gov.br\/prefeitura\/wp-content\/uploads\/2023\/10\/WhatsApp-Image-2023-10-03-at-12.55.49-1024x1024.jpeg 1024w, http:\/\/pimenta.mg.gov.br\/prefeitura\/wp-content\/uploads\/2023\/10\/WhatsApp-Image-2023-10-03-at-12.55.49-150x150.jpeg 150w, http:\/\/pimenta.mg.gov.br\/prefeitura\/wp-content\/uploads\/2023\/10\/WhatsApp-Image-2023-10-03-at-12.55.49-300x300.jpeg 300w, http:\/\/pimenta.mg.gov.br\/prefeitura\/wp-content\/uploads\/2023\/10\/WhatsApp-Image-2023-10-03-at-12.55.49-768x768.jpeg 768w, http:\/\/pimenta.mg.gov.br\/prefeitura\/wp-content\/uploads\/2023\/10\/WhatsApp-Image-2023-10-03-at-12.55.49.jpeg 1080w\" sizes=\"(max-width: 1024px) 100vw, 1024px\" \/><\/figure>\n","protected":false},"excerpt":{"rendered":"<p>ACADEMIA SA\u00daDE: (37)\u00a03412 1231 CAPS: (37)\u00a03412 1428 CEMEI MARIA APARECIDA MIRANDA E SILVA (JK): (37) 3412 1584 CEMEI ZULMIRA SANTOS VILELA (SANTA RITA): (37) 3412 0396 (n\u00e3o est\u00e1 em funcionamento) CENTRO DE CONVIV\u00caNCIA: (37) 3412 1585 CENTRO DE SA\u00daDE: (37) 3412 2819 CONSELHO TUTELAR: (37) 3412 1982 CONSELHO TUTELAR (celular): (37) 99917 7270 CRAS: (37)\u00a03412 [&hellip;]<\/p>\n","protected":false},"author":4,"featured_media":0,"parent":0,"menu_order":0,"comment_status":"closed","ping_status":"closed","template":"","meta":{"footnotes":""},"class_list":["post-10896","page","type-page","status-publish","hentry","wpbf-post"],"_links":{"self":[{"href":"http:\/\/pimenta.mg.gov.br\/prefeitura\/wp-json\/wp\/v2\/pages\/10896","targetHints":{"allow":["GET"]}}],"collection":[{"href":"http:\/\/pimenta.mg.gov.br\/prefeitura\/wp-json\/wp\/v2\/pages"}],"about":[{"href":"http:\/\/pimenta.mg.gov.br\/prefeitura\/wp-json\/wp\/v2\/types\/page"}],"author":[{"embeddable":true,"href":"http:\/\/pimenta.mg.gov.br\/prefeitura\/wp-json\/wp\/v2\/users\/4"}],"replies":[{"embeddable":true,"href":"http:\/\/pimenta.mg.gov.br\/prefeitura\/wp-json\/wp\/v2\/comments?post=10896"}],"version-history":[{"count":5,"href":"http:\/\/pimenta.mg.gov.br\/prefeitura\/wp-json\/wp\/v2\/pages\/10896\/revisions"}],"predecessor-version":[{"id":11161,"href":"http:\/\/pimenta.mg.gov.br\/prefeitura\/wp-json\/wp\/v2\/pages\/10896\/revisions\/11161"}],"wp:attachment":[{"href":"http:\/\/pimenta.mg.gov.br\/prefeitura\/wp-json\/wp\/v2\/media?parent=10896"}],"curies":[{"name":"wp","href":"https:\/\/api.w.org\/{rel}","templated":true}]}}